{"id":993,"date":"2016-03-07T16:54:08","date_gmt":"2016-03-07T15:54:08","guid":{"rendered":"http:\/\/spetra.interwal.net\/de\/leistungen\/cerpaci-stanice\/"},"modified":"2024-01-09T21:18:49","modified_gmt":"2024-01-09T20:18:49","slug":"tankstelle","status":"publish","type":"page","link":"https:\/\/www.spetra.cz\/de\/dienstleistungen\/tankstelle\/","title":{"rendered":"Tankstelle"},"content":{"rendered":"[mk_page_section bg_image=&#8221;\/wp-content\/uploads\/2016\/03\/header_cerpacistanice.jpg&#8221; bg_position=&#8221;center top&#8221; bg_stretch=&#8221;true&#8221; video_loop=&#8221;false&#8221; video_color_mask=&#8221;#0a0a0a&#8221; video_opacity=&#8221;0.4&#8243; min_height=&#8221;250&#8243; js_vertical_centered=&#8221;true&#8221; el_class=&#8221;hp-banner&#8221; sidebar=&#8221;sidebar-1&#8243;][vc_column][vc_column_text disable_pattern=&#8221;false&#8221; align=&#8221;center&#8221; animation=&#8221;fade-in&#8221;]\n<h1>Tankstelle<\/h1>\n<p><span style=\"font-size: 18px;\">Tanken Sie bei uns zu g\u00fcnstigen Preisen<\/span>[\/vc_column_text][\/vc_column][\/mk_page_section][vc_row fullwidth=&#8221;true&#8221; fullwidth_content=&#8221;false&#8221; el_class=&#8221;content&#8221;][vc_column][vc_row_inner][vc_column_inner width=&#8221;1\/6&#8243;][mk_padding_divider][\/vc_column_inner][vc_column_inner width=&#8221;2\/3&#8243;][vc_column_text]\n<h3 style=\"text-align: center;\">Tankstelle<\/h3>\n<p style=\"text-align: left;\">An der Tankstelle die sich direkt auf dem Gel\u00e4nde der Firma Spetra befindet bieten wir qualitative Kraftstoffe des Generalzulieferers MOL an.<\/p>\n<h4 style=\"text-align: center;\">\u00d6ffnungszeiten<\/h4>\n[\/vc_column_text][mk_table]\n<table width=\"100%\">\n<thead>\n<tr>\n<th>\n<h4 style=\"text-align: center;\">Sommersaison<\/h4>\n<\/th>\n<th>\n<h4 style=\"text-align: center;\">Wintersaison<\/h4>\n<\/th>\n<th>\n<h4 style=\"text-align: center;\">W\u00e4scheleine<\/h4>\n<\/th>\n<\/tr>\n<\/thead>\n<tbody>\n<tr>\n<td>\n<p style=\"text-align: center;\">MO-FR\u00a0\u00a0\u00a0 5:30 &#8211; 20:00<br \/>\nSA\u00a0\u00a0 \u00a0\u00a0 7:00 &#8211; 18:00<br \/>\nSO\u00a0\u00a0\u00a0\u00a0 8:00 &#8211; 16:00<\/p>\n<\/td>\n<td style=\"text-align: center;\">\n<p style=\"text-align: center;\">MO-FR\u00a0\u00a0\u00a0 5:30 &#8211; 19:00<br \/>\nSA\u00a0\u00a0 \u00a0\u00a0 7:00 &#8211; 16:00<br \/>\nSO\u00a0\u00a0\u00a0\u00a0 8:00 &#8211; 16:00<\/p>\n<\/td>\n<td style=\"text-align: center;\">\n<p style=\"text-align: center;\">MO-FR\u00a0\u00a0\u00a0 6:00 &#8211; 19:00<br \/>\nSA\u00a0\u00a0 \u00a0\u00a0 7:00 &#8211; 14:00<br \/>\nSO\u00a0\u00a0\u00a0\u00a0 nach telefonischer<br \/>\nVereinbarung<\/p>\n<\/td>\n<\/tr>\n<\/tbody>\n<\/table>\n[\/mk_table][vc_column_text]\n<p style=\"text-align: left;\">Zur Verf\u00fcgung stehen Premium Diesel, Super 95, Super 100 und AdBlue.<\/p>\n<p style=\"text-align: left;\">Zahlen k\u00f6nnen Sie mit den \u00fcblichen Kreditkarten und auch mit den CCS Tankkarten, dies gilt auch f\u00fcr den Tankstellenshop mit Erfrischungen.<\/p>\n[\/vc_column_text][\/vc_column_inner][vc_column_inner width=&#8221;1\/6&#8243;][\/vc_column_inner][\/vc_row_inner][\/vc_column][\/vc_row][vc_row][vc_column][mk_padding_divider size=&#8221;80&#8243;][\/vc_column][\/vc_row]\n","protected":false},"excerpt":{"rendered":"<p>[mk_page_section bg_image=&#8221;\/wp-content\/uploads\/2016\/03\/header_cerpacistanice.jpg&#8221; bg_position=&#8221;center top&#8221; bg_stretch=&#8221;true&#8221; video_loop=&#8221;false&#8221; video_color_mask=&#8221;#0a0a0a&#8221; video_opacity=&#8221;0.4&#8243; min_height=&#8221;250&#8243; js_vertical_centered=&#8221;true&#8221; el_class=&#8221;hp-banner&#8221; sidebar=&#8221;sidebar-1&#8243;][vc_column][vc_column_text disable_pattern=&#8221;false&#8221; align=&#8221;center&#8221; animation=&#8221;fade-in&#8221;] Tankstelle Tanken Sie bei uns zu g\u00fcnstigen Preisen[\/vc_column_text][\/vc_column][\/mk_page_section][vc_row fullwidth=&#8221;true&#8221; fullwidth_content=&#8221;false&#8221; el_class=&#8221;content&#8221;][vc_column][vc_row_inner][vc_column_inner width=&#8221;1\/6&#8243;][mk_padding_divider][\/vc_column_inner][vc_column_inner width=&#8221;2\/3&#8243;][vc_column_text] Tankstelle An der Tankstelle die sich direkt auf dem Gel\u00e4nde der Firma Spetra befindet bieten wir qualitative Kraftstoffe des Generalzulieferers MOL an. \u00d6ffnungszeiten [\/vc_column_text][mk_table] Sommersaison Wintersaison W\u00e4scheleine [&hellip;]<\/p>\n","protected":false},"author":3,"featured_media":0,"parent":1020,"menu_order":0,"comment_status":"closed","ping_status":"closed","template":"","meta":{"_custom_body_class":"","_custom_post_class":""},"categories":[],"tags":[],"yoast_head":"<!-- This site is optimized with the Yoast SEO plugin v19.4 - https:\/\/yoast.com\/wordpress\/plugins\/seo\/ -->\n<title>Tankstelle - SPETRA CZ s.r.o.<\/title>\n<meta name=\"robots\" content=\"index, follow, max-snippet:-1, max-image-preview:large, max-video-preview:-1\" \/>\n<link rel=\"canonical\" href=\"https:\/\/www.spetra.cz\/de\/dienstleistungen\/tankstelle\/\" \/>\n<meta property=\"og:locale\" content=\"de_DE\" \/>\n<meta property=\"og:type\" content=\"article\" \/>\n<meta property=\"og:title\" content=\"Tankstelle - SPETRA CZ s.r.o.\" \/>\n<meta property=\"og:description\" content=\"[mk_page_section bg_image=&#8221;\/wp-content\/uploads\/2016\/03\/header_cerpacistanice.jpg&#8221; bg_position=&#8221;center top&#8221; bg_stretch=&#8221;true&#8221; video_loop=&#8221;false&#8221; video_color_mask=&#8221;#0a0a0a&#8221; video_opacity=&#8221;0.4&#8243; min_height=&#8221;250&#8243; js_vertical_centered=&#8221;true&#8221; el_class=&#8221;hp-banner&#8221; sidebar=&#8221;sidebar-1&#8243;][vc_column][vc_column_text disable_pattern=&#8221;false&#8221; align=&#8221;center&#8221; animation=&#8221;fade-in&#8221;] Tankstelle Tanken Sie bei uns zu g\u00fcnstigen Preisen[\/vc_column_text][\/vc_column][\/mk_page_section][vc_row fullwidth=&#8221;true&#8221; fullwidth_content=&#8221;false&#8221; el_class=&#8221;content&#8221;][vc_column][vc_row_inner][vc_column_inner width=&#8221;1\/6&#8243;][mk_padding_divider][\/vc_column_inner][vc_column_inner width=&#8221;2\/3&#8243;][vc_column_text] Tankstelle An der Tankstelle die sich direkt auf dem Gel\u00e4nde der Firma Spetra befindet bieten wir qualitative Kraftstoffe des Generalzulieferers MOL an. \u00d6ffnungszeiten [\/vc_column_text][mk_table] Sommersaison Wintersaison W\u00e4scheleine [&hellip;]\" \/>\n<meta property=\"og:url\" content=\"https:\/\/www.spetra.cz\/de\/dienstleistungen\/tankstelle\/\" \/>\n<meta property=\"og:site_name\" content=\"SPETRA CZ s.r.o.\" \/>\n<meta property=\"article:publisher\" content=\"https:\/\/www.facebook.com\/spetracz\" \/>\n<meta property=\"article:modified_time\" content=\"2024-01-09T20:18:49+00:00\" \/>\n<meta name=\"twitter:card\" content=\"summary\" \/>\n<meta name=\"twitter:label1\" content=\"Est. reading time\" \/>\n\t<meta name=\"twitter:data1\" content=\"1 minute\" \/>\n<script type=\"application\/ld+json\" class=\"yoast-schema-graph\">{\"@context\":\"https:\/\/schema.org\",\"@graph\":[{\"@type\":\"Organization\",\"@id\":\"https:\/\/www.spetra.cz\/#organization\",\"name\":\"SPETRA CZ s.r.o.\",\"url\":\"https:\/\/www.spetra.cz\/\",\"sameAs\":[\"https:\/\/www.linkedin.com\/company\/spetra-cz-s-r-o\",\"https:\/\/www.facebook.com\/spetracz\"],\"logo\":{\"@type\":\"ImageObject\",\"inLanguage\":\"de-DE\",\"@id\":\"https:\/\/www.spetra.cz\/#\/schema\/logo\/image\/\",\"url\":\"https:\/\/www.spetra.cz\/wp-content\/uploads\/2023\/08\/logo.png\",\"contentUrl\":\"https:\/\/www.spetra.cz\/wp-content\/uploads\/2023\/08\/logo.png\",\"width\":134,\"height\":48,\"caption\":\"SPETRA CZ s.r.o.\"},\"image\":{\"@id\":\"https:\/\/www.spetra.cz\/#\/schema\/logo\/image\/\"}},{\"@type\":\"WebSite\",\"@id\":\"https:\/\/www.spetra.cz\/#website\",\"url\":\"https:\/\/www.spetra.cz\/\",\"name\":\"SPETRA CZ s.r.o.\",\"description\":\"Mezin\u00e1rodn\u00ed doprava a spedice\",\"publisher\":{\"@id\":\"https:\/\/www.spetra.cz\/#organization\"},\"potentialAction\":[{\"@type\":\"SearchAction\",\"target\":{\"@type\":\"EntryPoint\",\"urlTemplate\":\"https:\/\/www.spetra.cz\/?s={search_term_string}\"},\"query-input\":\"required name=search_term_string\"}],\"inLanguage\":\"de-DE\"},{\"@type\":\"WebPage\",\"@id\":\"https:\/\/www.spetra.cz\/de\/dienstleistungen\/tankstelle\/\",\"url\":\"https:\/\/www.spetra.cz\/de\/dienstleistungen\/tankstelle\/\",\"name\":\"Tankstelle - SPETRA CZ s.r.o.\",\"isPartOf\":{\"@id\":\"https:\/\/www.spetra.cz\/#website\"},\"datePublished\":\"2016-03-07T15:54:08+00:00\",\"dateModified\":\"2024-01-09T20:18:49+00:00\",\"breadcrumb\":{\"@id\":\"https:\/\/www.spetra.cz\/de\/dienstleistungen\/tankstelle\/#breadcrumb\"},\"inLanguage\":\"de-DE\",\"potentialAction\":[{\"@type\":\"ReadAction\",\"target\":[\"https:\/\/www.spetra.cz\/de\/dienstleistungen\/tankstelle\/\"]}]},{\"@type\":\"BreadcrumbList\",\"@id\":\"https:\/\/www.spetra.cz\/de\/dienstleistungen\/tankstelle\/#breadcrumb\",\"itemListElement\":[{\"@type\":\"ListItem\",\"position\":1,\"name\":\"Dom\u016f\",\"item\":\"https:\/\/www.spetra.cz\/de\/\"},{\"@type\":\"ListItem\",\"position\":2,\"name\":\"Dienstleistungen\",\"item\":\"https:\/\/www.spetra.cz\/de\/dienstleistungen\/\"},{\"@type\":\"ListItem\",\"position\":3,\"name\":\"Tankstelle\"}]}]}<\/script>\n<!-- \/ Yoast SEO plugin. -->","yoast_head_json":{"title":"Tankstelle - SPETRA CZ s.r.o.","robots":{"index":"index","follow":"follow","max-snippet":"max-snippet:-1","max-image-preview":"max-image-preview:large","max-video-preview":"max-video-preview:-1"},"canonical":"https:\/\/www.spetra.cz\/de\/dienstleistungen\/tankstelle\/","og_locale":"de_DE","og_type":"article","og_title":"Tankstelle - SPETRA CZ s.r.o.","og_description":"[mk_page_section bg_image=&#8221;\/wp-content\/uploads\/2016\/03\/header_cerpacistanice.jpg&#8221; bg_position=&#8221;center top&#8221; bg_stretch=&#8221;true&#8221; video_loop=&#8221;false&#8221; video_color_mask=&#8221;#0a0a0a&#8221; video_opacity=&#8221;0.4&#8243; min_height=&#8221;250&#8243; js_vertical_centered=&#8221;true&#8221; el_class=&#8221;hp-banner&#8221; sidebar=&#8221;sidebar-1&#8243;][vc_column][vc_column_text disable_pattern=&#8221;false&#8221; align=&#8221;center&#8221; animation=&#8221;fade-in&#8221;] Tankstelle Tanken Sie bei uns zu g\u00fcnstigen Preisen[\/vc_column_text][\/vc_column][\/mk_page_section][vc_row fullwidth=&#8221;true&#8221; fullwidth_content=&#8221;false&#8221; el_class=&#8221;content&#8221;][vc_column][vc_row_inner][vc_column_inner width=&#8221;1\/6&#8243;][mk_padding_divider][\/vc_column_inner][vc_column_inner width=&#8221;2\/3&#8243;][vc_column_text] Tankstelle An der Tankstelle die sich direkt auf dem Gel\u00e4nde der Firma Spetra befindet bieten wir qualitative Kraftstoffe des Generalzulieferers MOL an. \u00d6ffnungszeiten [\/vc_column_text][mk_table] Sommersaison Wintersaison W\u00e4scheleine [&hellip;]","og_url":"https:\/\/www.spetra.cz\/de\/dienstleistungen\/tankstelle\/","og_site_name":"SPETRA CZ s.r.o.","article_publisher":"https:\/\/www.facebook.com\/spetracz","article_modified_time":"2024-01-09T20:18:49+00:00","twitter_card":"summary","twitter_misc":{"Est. reading time":"1 minute"},"schema":{"@context":"https:\/\/schema.org","@graph":[{"@type":"Organization","@id":"https:\/\/www.spetra.cz\/#organization","name":"SPETRA CZ s.r.o.","url":"https:\/\/www.spetra.cz\/","sameAs":["https:\/\/www.linkedin.com\/company\/spetra-cz-s-r-o","https:\/\/www.facebook.com\/spetracz"],"logo":{"@type":"ImageObject","inLanguage":"de-DE","@id":"https:\/\/www.spetra.cz\/#\/schema\/logo\/image\/","url":"https:\/\/www.spetra.cz\/wp-content\/uploads\/2023\/08\/logo.png","contentUrl":"https:\/\/www.spetra.cz\/wp-content\/uploads\/2023\/08\/logo.png","width":134,"height":48,"caption":"SPETRA CZ s.r.o."},"image":{"@id":"https:\/\/www.spetra.cz\/#\/schema\/logo\/image\/"}},{"@type":"WebSite","@id":"https:\/\/www.spetra.cz\/#website","url":"https:\/\/www.spetra.cz\/","name":"SPETRA CZ s.r.o.","description":"Mezin\u00e1rodn\u00ed doprava a spedice","publisher":{"@id":"https:\/\/www.spetra.cz\/#organization"},"potentialAction":[{"@type":"SearchAction","target":{"@type":"EntryPoint","urlTemplate":"https:\/\/www.spetra.cz\/?s={search_term_string}"},"query-input":"required name=search_term_string"}],"inLanguage":"de-DE"},{"@type":"WebPage","@id":"https:\/\/www.spetra.cz\/de\/dienstleistungen\/tankstelle\/","url":"https:\/\/www.spetra.cz\/de\/dienstleistungen\/tankstelle\/","name":"Tankstelle - SPETRA CZ s.r.o.","isPartOf":{"@id":"https:\/\/www.spetra.cz\/#website"},"datePublished":"2016-03-07T15:54:08+00:00","dateModified":"2024-01-09T20:18:49+00:00","breadcrumb":{"@id":"https:\/\/www.spetra.cz\/de\/dienstleistungen\/tankstelle\/#breadcrumb"},"inLanguage":"de-DE","potentialAction":[{"@type":"ReadAction","target":["https:\/\/www.spetra.cz\/de\/dienstleistungen\/tankstelle\/"]}]},{"@type":"BreadcrumbList","@id":"https:\/\/www.spetra.cz\/de\/dienstleistungen\/tankstelle\/#breadcrumb","itemListElement":[{"@type":"ListItem","position":1,"name":"Dom\u016f","item":"https:\/\/www.spetra.cz\/de\/"},{"@type":"ListItem","position":2,"name":"Dienstleistungen","item":"https:\/\/www.spetra.cz\/de\/dienstleistungen\/"},{"@type":"ListItem","position":3,"name":"Tankstelle"}]}]}},"_links":{"self":[{"href":"https:\/\/www.spetra.cz\/de\/wp-json\/wp\/v2\/pages\/993"}],"collection":[{"href":"https:\/\/www.spetra.cz\/de\/wp-json\/wp\/v2\/pages"}],"about":[{"href":"https:\/\/www.spetra.cz\/de\/wp-json\/wp\/v2\/types\/page"}],"author":[{"embeddable":true,"href":"https:\/\/www.spetra.cz\/de\/wp-json\/wp\/v2\/users\/3"}],"replies":[{"embeddable":true,"href":"https:\/\/www.spetra.cz\/de\/wp-json\/wp\/v2\/comments?post=993"}],"version-history":[{"count":8,"href":"https:\/\/www.spetra.cz\/de\/wp-json\/wp\/v2\/pages\/993\/revisions"}],"predecessor-version":[{"id":1286,"href":"https:\/\/www.spetra.cz\/de\/wp-json\/wp\/v2\/pages\/993\/revisions\/1286"}],"up":[{"embeddable":true,"href":"https:\/\/www.spetra.cz\/de\/wp-json\/wp\/v2\/pages\/1020"}],"wp:attachment":[{"href":"https:\/\/www.spetra.cz\/de\/wp-json\/wp\/v2\/media?parent=993"}],"wp:term":[{"taxonomy":"category","embeddable":true,"href":"https:\/\/www.spetra.cz\/de\/wp-json\/wp\/v2\/categories?post=993"},{"taxonomy":"post_tag","embeddable":true,"href":"https:\/\/www.spetra.cz\/de\/wp-json\/wp\/v2\/tags?post=993"}],"curies":[{"name":"wp","href":"https:\/\/api.w.org\/{rel}","templated":true}]}}