{"id":350,"date":"2016-03-15T15:13:24","date_gmt":"2016-03-15T14:13:24","guid":{"rendered":"http:\/\/spetra.interwal.net\/de\/autodoprava\/"},"modified":"2017-11-14T11:45:44","modified_gmt":"2017-11-14T10:45:44","slug":"autodoprava","status":"publish","type":"page","link":"https:\/\/www.spetra.cz\/de\/autodoprava\/","title":{"rendered":"Autodoprava"},"content":{"rendered":"[mk_page_section bg_image=&#8221;http:\/\/spetra.interwal.net\/wp-content\/uploads\/2016\/01\/Autobus-Na\u0301hled-7462-e1472117473549.jpg&#8221; bg_stretch=&#8221;true&#8221; video_loop=&#8221;false&#8221; video_color_mask=&#8221;#0a0a0a&#8221; video_opacity=&#8221;0.4&#8243; min_height=&#8221;600&#8243; js_vertical_centered=&#8221;true&#8221; el_class=&#8221;hp-banner&#8221; sidebar=&#8221;sidebar-1&#8243;][vc_column][vc_column_text disable_pattern=&#8221;false&#8221; align=&#8221;center&#8221; animation=&#8221;fade-in&#8221;]\n<h1>Autobusy<\/h1>\n<p><span style=\"font-size: 18px;\">Nejmodern\u011bj\u0161\u00ed p\u0159eprava osob. Cestujte v komfortn\u00edm prost\u0159ed\u00ed.<\/span>[\/vc_column_text][mk_image src=&#8221;http:\/\/spetra.interwal.net\/wp-content\/uploads\/2016\/01\/slider-arrow.png&#8221; image_size=&#8221;full&#8221; align=&#8221;center&#8221; el_class=&#8221;slider-arrow&#8221;][\/vc_column][\/mk_page_section][vc_row fullwidth=&#8221;true&#8221; fullwidth_content=&#8221;false&#8221; el_class=&#8221;content&#8221;][vc_column][vc_column_text]\n<h1>Nadpis prvn\u00ed \u00farovn\u011b<\/h1>\n<h2>Nadpis druh\u00e9 \u00farovn\u011b<\/h2>\n<h3>Nadpis t\u0159et\u00ed \u00farovn\u011b<\/h3>\n<h4>Nadpis \u010dtvrt\u00e9 \u00farovn\u011b<\/h4>\n<h5>Nadpis p\u00e1t\u00e9 \u00farovn\u011b<\/h5>\n<h6>Nadpis \u0161est\u00e9 \u00farovn\u011b<\/h6>\n<p>Etiam porta sem malesuada magna mollis euismod. Maecenas sed diam eget risus varius blandit sit amet non magna. Aenean eu leo quam. Pellentesque ornare sem lacinia quam venenatis vestibulum. Nulla vitae elit libero, a pharetra augue. Sed posuere consectetur est at lobortis. Nullam id dolor id nibh ultricies vehicula ut id elit. Fusce dapibus, tellus ac cursus commodo, tortor mauris condimentum nibh, ut fermentum massa justo sit amet risus. Donec ullamcorper nulla non metus auctor fringilla. Lorem ipsum dolor sit amet, consectetur adipiscing elit.<\/p>\n<p>Aenean lacinia bibendum nulla sed consectetur. Curabitur blandit tempus porttitor. <em>Fusce dapibus, tellus ac cursus commodo, tortor mauris condimentum nibh, ut fermentum massa justo sit amet risus.<\/em> <strong>Cum sociis natoque penatibus et magnis dis parturient montes, nascetur ridiculus mus.<\/strong> Donec id elit non mi porta gravida at eget metus. Cras justo odio, dapibus ac facilisis in, egestas eget quam.<\/p>\n<blockquote><p>Vestibulum id ligula porta felis euismod semper. Nullam id dolor id nibh ultricies vehicula ut id elit.<\/p><\/blockquote>\n<hr \/>\n<p>&nbsp;<\/p>\n<p><a href=\"#\">Odkaz<\/a>[\/vc_column_text][\/vc_column][\/vc_row][vc_row fullwidth=&#8221;true&#8221; fullwidth_content=&#8221;false&#8221; css=&#8221;.vc_custom_1457373342240{padding-top: 20px&nbsp;!important;padding-bottom: 20px&nbsp;!important;background-color: #1b4ab8&nbsp;!important;}&#8221; el_class=&#8221;contact-us&#8221;][vc_column][vc_column_text align=&#8221;center&#8221;]Maecenas sed diam eget risus varius blandit sit amet non magna. <a href=\"#\">Napi\u0161te n\u00e1m<\/a>[\/vc_column_text][\/vc_column][\/vc_row][vc_row fullwidth=&#8221;true&#8221; fullwidth_content=&#8221;false&#8221; el_class=&#8221;our-clients&#8221;][vc_column][vc_column_text]\n<h2>Na\u0161i klienti<\/h2>\n[\/vc_column_text][vc_row_inner animation=&#8221;fade-in&#8221; el_class=&#8221;our-clients-logos&#8221;][vc_column_inner width=&#8221;1\/4&#8243;][mk_image src=&#8221;http:\/\/spetra.interwal.net\/wp-content\/uploads\/2016\/01\/logo-audi.png&#8221; image_size=&#8221;full&#8221; align=&#8221;center&#8221;][\/vc_column_inner][vc_column_inner width=&#8221;1\/4&#8243;][mk_image src=&#8221;http:\/\/spetra.interwal.net\/wp-content\/uploads\/2016\/01\/logo-audi.png&#8221; image_size=&#8221;full&#8221; align=&#8221;center&#8221;][\/vc_column_inner][vc_column_inner width=&#8221;1\/4&#8243;][mk_image src=&#8221;http:\/\/spetra.interwal.net\/wp-content\/uploads\/2016\/01\/logo-audi.png&#8221; image_size=&#8221;full&#8221; align=&#8221;center&#8221;][\/vc_column_inner][vc_column_inner width=&#8221;1\/4&#8243;][mk_image src=&#8221;http:\/\/spetra.interwal.net\/wp-content\/uploads\/2016\/01\/logo-audi.png&#8221; image_size=&#8221;full&#8221; align=&#8221;center&#8221;][\/vc_column_inner][\/vc_row_inner][\/vc_column][\/vc_row]\n","protected":false},"excerpt":{"rendered":"<p>[mk_page_section bg_image=&#8221;http:\/\/spetra.interwal.net\/wp-content\/uploads\/2016\/01\/Autobus-Na\u0301hled-7462-e1472117473549.jpg&#8221; bg_stretch=&#8221;true&#8221; video_loop=&#8221;false&#8221; video_color_mask=&#8221;#0a0a0a&#8221; video_opacity=&#8221;0.4&#8243; min_height=&#8221;600&#8243; js_vertical_centered=&#8221;true&#8221; el_class=&#8221;hp-banner&#8221; sidebar=&#8221;sidebar-1&#8243;][vc_column][vc_column_text disable_pattern=&#8221;false&#8221; align=&#8221;center&#8221; animation=&#8221;fade-in&#8221;] Autobusy Nejmodern\u011bj\u0161\u00ed p\u0159eprava osob. Cestujte v komfortn\u00edm prost\u0159ed\u00ed.[\/vc_column_text][mk_image src=&#8221;http:\/\/spetra.interwal.net\/wp-content\/uploads\/2016\/01\/slider-arrow.png&#8221; image_size=&#8221;full&#8221; align=&#8221;center&#8221; el_class=&#8221;slider-arrow&#8221;][\/vc_column][\/mk_page_section][vc_row fullwidth=&#8221;true&#8221; fullwidth_content=&#8221;false&#8221; el_class=&#8221;content&#8221;][vc_column][vc_column_text] Nadpis prvn\u00ed \u00farovn\u011b Nadpis druh\u00e9 \u00farovn\u011b Nadpis t\u0159et\u00ed \u00farovn\u011b Nadpis \u010dtvrt\u00e9 \u00farovn\u011b Nadpis p\u00e1t\u00e9 \u00farovn\u011b Nadpis \u0161est\u00e9 \u00farovn\u011b Etiam porta sem malesuada magna mollis euismod. Maecenas sed [&hellip;]<\/p>\n","protected":false},"author":3,"featured_media":0,"parent":0,"menu_order":0,"comment_status":"closed","ping_status":"closed","template":"","meta":{"_custom_body_class":"","_custom_post_class":""},"categories":[],"tags":[],"yoast_head":"<!-- This site is optimized with the Yoast SEO plugin v19.4 - https:\/\/yoast.com\/wordpress\/plugins\/seo\/ -->\n<title>Autodoprava - SPETRA CZ s.r.o.<\/title>\n<meta name=\"robots\" content=\"index, follow, max-snippet:-1, max-image-preview:large, max-video-preview:-1\" \/>\n<link rel=\"canonical\" href=\"https:\/\/www.spetra.cz\/de\/autodoprava\/\" \/>\n<meta property=\"og:locale\" content=\"de_DE\" \/>\n<meta property=\"og:type\" content=\"article\" \/>\n<meta property=\"og:title\" content=\"Autodoprava - SPETRA CZ s.r.o.\" \/>\n<meta property=\"og:description\" content=\"[mk_page_section bg_image=&#8221;http:\/\/spetra.interwal.net\/wp-content\/uploads\/2016\/01\/Autobus-Na\u0301hled-7462-e1472117473549.jpg&#8221; bg_stretch=&#8221;true&#8221; video_loop=&#8221;false&#8221; video_color_mask=&#8221;#0a0a0a&#8221; video_opacity=&#8221;0.4&#8243; min_height=&#8221;600&#8243; js_vertical_centered=&#8221;true&#8221; el_class=&#8221;hp-banner&#8221; sidebar=&#8221;sidebar-1&#8243;][vc_column][vc_column_text disable_pattern=&#8221;false&#8221; align=&#8221;center&#8221; animation=&#8221;fade-in&#8221;] Autobusy Nejmodern\u011bj\u0161\u00ed p\u0159eprava osob. Cestujte v komfortn\u00edm prost\u0159ed\u00ed.[\/vc_column_text][mk_image src=&#8221;http:\/\/spetra.interwal.net\/wp-content\/uploads\/2016\/01\/slider-arrow.png&#8221; image_size=&#8221;full&#8221; align=&#8221;center&#8221; el_class=&#8221;slider-arrow&#8221;][\/vc_column][\/mk_page_section][vc_row fullwidth=&#8221;true&#8221; fullwidth_content=&#8221;false&#8221; el_class=&#8221;content&#8221;][vc_column][vc_column_text] Nadpis prvn\u00ed \u00farovn\u011b Nadpis druh\u00e9 \u00farovn\u011b Nadpis t\u0159et\u00ed \u00farovn\u011b Nadpis \u010dtvrt\u00e9 \u00farovn\u011b Nadpis p\u00e1t\u00e9 \u00farovn\u011b Nadpis \u0161est\u00e9 \u00farovn\u011b Etiam porta sem malesuada magna mollis euismod. Maecenas sed [&hellip;]\" \/>\n<meta property=\"og:url\" content=\"https:\/\/www.spetra.cz\/de\/autodoprava\/\" \/>\n<meta property=\"og:site_name\" content=\"SPETRA CZ s.r.o.\" \/>\n<meta property=\"article:publisher\" content=\"https:\/\/www.facebook.com\/spetracz\" \/>\n<meta property=\"article:modified_time\" content=\"2017-11-14T10:45:44+00:00\" \/>\n<meta name=\"twitter:card\" content=\"summary\" \/>\n<meta name=\"twitter:label1\" content=\"Est. reading time\" \/>\n\t<meta name=\"twitter:data1\" content=\"2 minutes\" \/>\n<script type=\"application\/ld+json\" class=\"yoast-schema-graph\">{\"@context\":\"https:\/\/schema.org\",\"@graph\":[{\"@type\":\"Organization\",\"@id\":\"https:\/\/www.spetra.cz\/#organization\",\"name\":\"SPETRA CZ s.r.o.\",\"url\":\"https:\/\/www.spetra.cz\/\",\"sameAs\":[\"https:\/\/www.linkedin.com\/company\/spetra-cz-s-r-o\",\"https:\/\/www.facebook.com\/spetracz\"],\"logo\":{\"@type\":\"ImageObject\",\"inLanguage\":\"de-DE\",\"@id\":\"https:\/\/www.spetra.cz\/#\/schema\/logo\/image\/\",\"url\":\"https:\/\/www.spetra.cz\/wp-content\/uploads\/2023\/08\/logo.png\",\"contentUrl\":\"https:\/\/www.spetra.cz\/wp-content\/uploads\/2023\/08\/logo.png\",\"width\":134,\"height\":48,\"caption\":\"SPETRA CZ s.r.o.\"},\"image\":{\"@id\":\"https:\/\/www.spetra.cz\/#\/schema\/logo\/image\/\"}},{\"@type\":\"WebSite\",\"@id\":\"https:\/\/www.spetra.cz\/#website\",\"url\":\"https:\/\/www.spetra.cz\/\",\"name\":\"SPETRA CZ s.r.o.\",\"description\":\"Mezin\u00e1rodn\u00ed doprava a spedice\",\"publisher\":{\"@id\":\"https:\/\/www.spetra.cz\/#organization\"},\"potentialAction\":[{\"@type\":\"SearchAction\",\"target\":{\"@type\":\"EntryPoint\",\"urlTemplate\":\"https:\/\/www.spetra.cz\/?s={search_term_string}\"},\"query-input\":\"required name=search_term_string\"}],\"inLanguage\":\"de-DE\"},{\"@type\":\"WebPage\",\"@id\":\"https:\/\/www.spetra.cz\/de\/autodoprava\/\",\"url\":\"https:\/\/www.spetra.cz\/de\/autodoprava\/\",\"name\":\"Autodoprava - SPETRA CZ s.r.o.\",\"isPartOf\":{\"@id\":\"https:\/\/www.spetra.cz\/#website\"},\"datePublished\":\"2016-03-15T14:13:24+00:00\",\"dateModified\":\"2017-11-14T10:45:44+00:00\",\"breadcrumb\":{\"@id\":\"https:\/\/www.spetra.cz\/de\/autodoprava\/#breadcrumb\"},\"inLanguage\":\"de-DE\",\"potentialAction\":[{\"@type\":\"ReadAction\",\"target\":[\"https:\/\/www.spetra.cz\/de\/autodoprava\/\"]}]},{\"@type\":\"BreadcrumbList\",\"@id\":\"https:\/\/www.spetra.cz\/de\/autodoprava\/#breadcrumb\",\"itemListElement\":[{\"@type\":\"ListItem\",\"position\":1,\"name\":\"Dom\u016f\",\"item\":\"https:\/\/www.spetra.cz\/de\/\"},{\"@type\":\"ListItem\",\"position\":2,\"name\":\"Autodoprava\"}]}]}<\/script>\n<!-- \/ Yoast SEO plugin. -->","yoast_head_json":{"title":"Autodoprava - SPETRA CZ s.r.o.","robots":{"index":"index","follow":"follow","max-snippet":"max-snippet:-1","max-image-preview":"max-image-preview:large","max-video-preview":"max-video-preview:-1"},"canonical":"https:\/\/www.spetra.cz\/de\/autodoprava\/","og_locale":"de_DE","og_type":"article","og_title":"Autodoprava - SPETRA CZ s.r.o.","og_description":"[mk_page_section bg_image=&#8221;http:\/\/spetra.interwal.net\/wp-content\/uploads\/2016\/01\/Autobus-Na\u0301hled-7462-e1472117473549.jpg&#8221; bg_stretch=&#8221;true&#8221; video_loop=&#8221;false&#8221; video_color_mask=&#8221;#0a0a0a&#8221; video_opacity=&#8221;0.4&#8243; min_height=&#8221;600&#8243; js_vertical_centered=&#8221;true&#8221; el_class=&#8221;hp-banner&#8221; sidebar=&#8221;sidebar-1&#8243;][vc_column][vc_column_text disable_pattern=&#8221;false&#8221; align=&#8221;center&#8221; animation=&#8221;fade-in&#8221;] Autobusy Nejmodern\u011bj\u0161\u00ed p\u0159eprava osob. Cestujte v komfortn\u00edm prost\u0159ed\u00ed.[\/vc_column_text][mk_image src=&#8221;http:\/\/spetra.interwal.net\/wp-content\/uploads\/2016\/01\/slider-arrow.png&#8221; image_size=&#8221;full&#8221; align=&#8221;center&#8221; el_class=&#8221;slider-arrow&#8221;][\/vc_column][\/mk_page_section][vc_row fullwidth=&#8221;true&#8221; fullwidth_content=&#8221;false&#8221; el_class=&#8221;content&#8221;][vc_column][vc_column_text] Nadpis prvn\u00ed \u00farovn\u011b Nadpis druh\u00e9 \u00farovn\u011b Nadpis t\u0159et\u00ed \u00farovn\u011b Nadpis \u010dtvrt\u00e9 \u00farovn\u011b Nadpis p\u00e1t\u00e9 \u00farovn\u011b Nadpis \u0161est\u00e9 \u00farovn\u011b Etiam porta sem malesuada magna mollis euismod. Maecenas sed [&hellip;]","og_url":"https:\/\/www.spetra.cz\/de\/autodoprava\/","og_site_name":"SPETRA CZ s.r.o.","article_publisher":"https:\/\/www.facebook.com\/spetracz","article_modified_time":"2017-11-14T10:45:44+00:00","twitter_card":"summary","twitter_misc":{"Est. reading time":"2 minutes"},"schema":{"@context":"https:\/\/schema.org","@graph":[{"@type":"Organization","@id":"https:\/\/www.spetra.cz\/#organization","name":"SPETRA CZ s.r.o.","url":"https:\/\/www.spetra.cz\/","sameAs":["https:\/\/www.linkedin.com\/company\/spetra-cz-s-r-o","https:\/\/www.facebook.com\/spetracz"],"logo":{"@type":"ImageObject","inLanguage":"de-DE","@id":"https:\/\/www.spetra.cz\/#\/schema\/logo\/image\/","url":"https:\/\/www.spetra.cz\/wp-content\/uploads\/2023\/08\/logo.png","contentUrl":"https:\/\/www.spetra.cz\/wp-content\/uploads\/2023\/08\/logo.png","width":134,"height":48,"caption":"SPETRA CZ s.r.o."},"image":{"@id":"https:\/\/www.spetra.cz\/#\/schema\/logo\/image\/"}},{"@type":"WebSite","@id":"https:\/\/www.spetra.cz\/#website","url":"https:\/\/www.spetra.cz\/","name":"SPETRA CZ s.r.o.","description":"Mezin\u00e1rodn\u00ed doprava a spedice","publisher":{"@id":"https:\/\/www.spetra.cz\/#organization"},"potentialAction":[{"@type":"SearchAction","target":{"@type":"EntryPoint","urlTemplate":"https:\/\/www.spetra.cz\/?s={search_term_string}"},"query-input":"required name=search_term_string"}],"inLanguage":"de-DE"},{"@type":"WebPage","@id":"https:\/\/www.spetra.cz\/de\/autodoprava\/","url":"https:\/\/www.spetra.cz\/de\/autodoprava\/","name":"Autodoprava - SPETRA CZ s.r.o.","isPartOf":{"@id":"https:\/\/www.spetra.cz\/#website"},"datePublished":"2016-03-15T14:13:24+00:00","dateModified":"2017-11-14T10:45:44+00:00","breadcrumb":{"@id":"https:\/\/www.spetra.cz\/de\/autodoprava\/#breadcrumb"},"inLanguage":"de-DE","potentialAction":[{"@type":"ReadAction","target":["https:\/\/www.spetra.cz\/de\/autodoprava\/"]}]},{"@type":"BreadcrumbList","@id":"https:\/\/www.spetra.cz\/de\/autodoprava\/#breadcrumb","itemListElement":[{"@type":"ListItem","position":1,"name":"Dom\u016f","item":"https:\/\/www.spetra.cz\/de\/"},{"@type":"ListItem","position":2,"name":"Autodoprava"}]}]}},"_links":{"self":[{"href":"https:\/\/www.spetra.cz\/de\/wp-json\/wp\/v2\/pages\/350"}],"collection":[{"href":"https:\/\/www.spetra.cz\/de\/wp-json\/wp\/v2\/pages"}],"about":[{"href":"https:\/\/www.spetra.cz\/de\/wp-json\/wp\/v2\/types\/page"}],"author":[{"embeddable":true,"href":"https:\/\/www.spetra.cz\/de\/wp-json\/wp\/v2\/users\/3"}],"replies":[{"embeddable":true,"href":"https:\/\/www.spetra.cz\/de\/wp-json\/wp\/v2\/comments?post=350"}],"version-history":[{"count":3,"href":"https:\/\/www.spetra.cz\/de\/wp-json\/wp\/v2\/pages\/350\/revisions"}],"predecessor-version":[{"id":614,"href":"https:\/\/www.spetra.cz\/de\/wp-json\/wp\/v2\/pages\/350\/revisions\/614"}],"wp:attachment":[{"href":"https:\/\/www.spetra.cz\/de\/wp-json\/wp\/v2\/media?parent=350"}],"wp:term":[{"taxonomy":"category","embeddable":true,"href":"https:\/\/www.spetra.cz\/de\/wp-json\/wp\/v2\/categories?post=350"},{"taxonomy":"post_tag","embeddable":true,"href":"https:\/\/www.spetra.cz\/de\/wp-json\/wp\/v2\/tags?post=350"}],"curies":[{"name":"wp","href":"https:\/\/api.w.org\/{rel}","templated":true}]}}