{"id":275,"date":"2016-03-07T16:51:00","date_gmt":"2016-03-07T15:51:00","guid":{"rendered":"http:\/\/spetra.interwal.net\/de\/o-nas\/"},"modified":"2024-01-09T20:31:02","modified_gmt":"2024-01-09T19:31:02","slug":"uber-uns","status":"publish","type":"page","link":"https:\/\/www.spetra.cz\/de\/","title":{"rendered":"\u00dcber uns"},"content":{"rendered":"[mk_page_section bg_image=&#8221;\/wp-content\/uploads\/2016\/01\/Kamion-Na\u0301hled-7241-e1472450009804.jpg&#8221; bg_stretch=&#8221;true&#8221; video_loop=&#8221;false&#8221; video_color_mask=&#8221;#0a0a0a&#8221; video_opacity=&#8221;0.4&#8243; min_height=&#8221;600&#8243; js_vertical_centered=&#8221;true&#8221; el_class=&#8221;hp-banner&#8221; sidebar=&#8221;sidebar-1&#8243;][vc_column][vc_column_text disable_pattern=&#8221;false&#8221; align=&#8221;center&#8221; animation=&#8221;fade-in&#8221;]\n<h1>\u00dcber uns<\/h1>\n<p><span style=\"font-size: 18px;\">Internationaler Transport und Spedition<\/span>[\/vc_column_text][\/vc_column][\/mk_page_section][vc_row][vc_column][mk_padding_divider][vc_column_text]SPETRA CZ s.r.o. ist eine tschechische Firma, die innerstaatlichen und internationalen Transport gew\u00e4hrleistet und eine Spedition betreibt.<\/p>\n<h2>Geschichte und Vision<\/h2>\n<p>1998 haben Iveta und Tade\u00e1\u0161 Barteczek ihre siebenj\u00e4hrige Unternehmenserfahrung bei der Gr\u00fcndung des Firmenunternehmens genutzt, die heute Transportdienstleistungen mit 38 Lastkraftwagen und 4 Bussen anbietet. Die Firma besch\u00e4ftigt mehr als 90 Mitarbeiter und hat in den eigenen R\u00e4umlichkeiten im Zentrum der s\u00fcdm\u00e4hrischen Gemeinde T\u0159anovice ihren Sitz.[\/vc_column_text][vc_row_inner][vc_column_inner width=&#8221;1\/2&#8243;][mk_button dimension=&#8221;flat&#8221; size=&#8221;medium&#8221; url=&#8221;\/de\/referenzen\/&#8221; align=&#8221;none&#8221; margin_right=&#8221;0&#8243; el_class=&#8221;btn btn-left&#8221; bg_color=&#8221;#ed000c&#8221; btn_hover_bg=&#8221;#ae151e&#8221; btn_hover_txt_color=&#8221;#ffffff&#8221;]Referenzen[\/mk_button][\/vc_column_inner][vc_column_inner width=&#8221;1\/2&#8243;][mk_button dimension=&#8221;flat&#8221; size=&#8221;medium&#8221; url=&#8221;\/de\/zertifikate\/&#8221; align=&#8221;none&#8221; margin_right=&#8221;0&#8243; el_class=&#8221;btn btn-right&#8221; bg_color=&#8221;#1b4ab8&#8243; btn_hover_bg=&#8221;#0c296c&#8221; btn_hover_txt_color=&#8221;#ffffff&#8221;]Zertifikate[\/mk_button][\/vc_column_inner][\/vc_row_inner][mk_padding_divider][\/vc_column][\/vc_row]\n","protected":false},"excerpt":{"rendered":"<p>[mk_page_section bg_image=&#8221;\/wp-content\/uploads\/2016\/01\/Kamion-Na\u0301hled-7241-e1472450009804.jpg&#8221; bg_stretch=&#8221;true&#8221; video_loop=&#8221;false&#8221; video_color_mask=&#8221;#0a0a0a&#8221; video_opacity=&#8221;0.4&#8243; min_height=&#8221;600&#8243; js_vertical_centered=&#8221;true&#8221; el_class=&#8221;hp-banner&#8221; sidebar=&#8221;sidebar-1&#8243;][vc_column][vc_column_text disable_pattern=&#8221;false&#8221; align=&#8221;center&#8221; animation=&#8221;fade-in&#8221;] \u00dcber uns Internationaler Transport und Spedition[\/vc_column_text][\/vc_column][\/mk_page_section][vc_row][vc_column][mk_padding_divider][vc_column_text]SPETRA CZ s.r.o. ist eine tschechische Firma, die innerstaatlichen und internationalen Transport gew\u00e4hrleistet und eine Spedition betreibt. Geschichte und Vision 1998 haben Iveta und Tade\u00e1\u0161 Barteczek ihre siebenj\u00e4hrige Unternehmenserfahrung bei der Gr\u00fcndung des Firmenunternehmens genutzt, die heute [&hellip;]<\/p>\n","protected":false},"author":3,"featured_media":0,"parent":0,"menu_order":0,"comment_status":"closed","ping_status":"closed","template":"","meta":{"_custom_body_class":"","_custom_post_class":""},"categories":[],"tags":[],"yoast_head":"<!-- This site is optimized with the Yoast SEO plugin v19.4 - https:\/\/yoast.com\/wordpress\/plugins\/seo\/ -->\n<title>\u00dcber uns - SPETRA CZ s.r.o.<\/title>\n<meta name=\"robots\" content=\"index, follow, max-snippet:-1, max-image-preview:large, max-video-preview:-1\" \/>\n<link rel=\"canonical\" href=\"https:\/\/www.spetra.cz\/de\/\" \/>\n<meta property=\"og:locale\" content=\"de_DE\" \/>\n<meta property=\"og:type\" content=\"article\" \/>\n<meta property=\"og:title\" content=\"\u00dcber uns - SPETRA CZ s.r.o.\" \/>\n<meta property=\"og:description\" content=\"[mk_page_section bg_image=&#8221;\/wp-content\/uploads\/2016\/01\/Kamion-Na\u0301hled-7241-e1472450009804.jpg&#8221; bg_stretch=&#8221;true&#8221; video_loop=&#8221;false&#8221; video_color_mask=&#8221;#0a0a0a&#8221; video_opacity=&#8221;0.4&#8243; min_height=&#8221;600&#8243; js_vertical_centered=&#8221;true&#8221; el_class=&#8221;hp-banner&#8221; sidebar=&#8221;sidebar-1&#8243;][vc_column][vc_column_text disable_pattern=&#8221;false&#8221; align=&#8221;center&#8221; animation=&#8221;fade-in&#8221;] \u00dcber uns Internationaler Transport und Spedition[\/vc_column_text][\/vc_column][\/mk_page_section][vc_row][vc_column][mk_padding_divider][vc_column_text]SPETRA CZ s.r.o. ist eine tschechische Firma, die innerstaatlichen und internationalen Transport gew\u00e4hrleistet und eine Spedition betreibt. Geschichte und Vision 1998 haben Iveta und Tade\u00e1\u0161 Barteczek ihre siebenj\u00e4hrige Unternehmenserfahrung bei der Gr\u00fcndung des Firmenunternehmens genutzt, die heute [&hellip;]\" \/>\n<meta property=\"og:url\" content=\"https:\/\/www.spetra.cz\/de\/\" \/>\n<meta property=\"og:site_name\" content=\"SPETRA CZ s.r.o.\" \/>\n<meta property=\"article:publisher\" content=\"https:\/\/www.facebook.com\/spetracz\" \/>\n<meta property=\"article:modified_time\" content=\"2024-01-09T19:31:02+00:00\" \/>\n<meta name=\"twitter:card\" content=\"summary\" \/>\n<meta name=\"twitter:label1\" content=\"Est. reading time\" \/>\n\t<meta name=\"twitter:data1\" content=\"1 minute\" \/>\n<script type=\"application\/ld+json\" class=\"yoast-schema-graph\">{\"@context\":\"https:\/\/schema.org\",\"@graph\":[{\"@type\":\"Organization\",\"@id\":\"https:\/\/www.spetra.cz\/#organization\",\"name\":\"SPETRA CZ s.r.o.\",\"url\":\"https:\/\/www.spetra.cz\/\",\"sameAs\":[\"https:\/\/www.linkedin.com\/company\/spetra-cz-s-r-o\",\"https:\/\/www.facebook.com\/spetracz\"],\"logo\":{\"@type\":\"ImageObject\",\"inLanguage\":\"de-DE\",\"@id\":\"https:\/\/www.spetra.cz\/#\/schema\/logo\/image\/\",\"url\":\"https:\/\/www.spetra.cz\/wp-content\/uploads\/2023\/08\/logo.png\",\"contentUrl\":\"https:\/\/www.spetra.cz\/wp-content\/uploads\/2023\/08\/logo.png\",\"width\":134,\"height\":48,\"caption\":\"SPETRA CZ s.r.o.\"},\"image\":{\"@id\":\"https:\/\/www.spetra.cz\/#\/schema\/logo\/image\/\"}},{\"@type\":\"WebSite\",\"@id\":\"https:\/\/www.spetra.cz\/#website\",\"url\":\"https:\/\/www.spetra.cz\/\",\"name\":\"SPETRA CZ s.r.o.\",\"description\":\"Mezin\u00e1rodn\u00ed doprava a spedice\",\"publisher\":{\"@id\":\"https:\/\/www.spetra.cz\/#organization\"},\"potentialAction\":[{\"@type\":\"SearchAction\",\"target\":{\"@type\":\"EntryPoint\",\"urlTemplate\":\"https:\/\/www.spetra.cz\/?s={search_term_string}\"},\"query-input\":\"required name=search_term_string\"}],\"inLanguage\":\"de-DE\"},{\"@type\":\"WebPage\",\"@id\":\"https:\/\/www.spetra.cz\/de\/\",\"url\":\"https:\/\/www.spetra.cz\/de\/\",\"name\":\"\u00dcber uns - SPETRA CZ s.r.o.\",\"isPartOf\":{\"@id\":\"https:\/\/www.spetra.cz\/#website\"},\"datePublished\":\"2016-03-07T15:51:00+00:00\",\"dateModified\":\"2024-01-09T19:31:02+00:00\",\"breadcrumb\":{\"@id\":\"https:\/\/www.spetra.cz\/de\/#breadcrumb\"},\"inLanguage\":\"de-DE\",\"potentialAction\":[{\"@type\":\"ReadAction\",\"target\":[\"https:\/\/www.spetra.cz\/de\/\"]}]},{\"@type\":\"BreadcrumbList\",\"@id\":\"https:\/\/www.spetra.cz\/de\/#breadcrumb\",\"itemListElement\":[{\"@type\":\"ListItem\",\"position\":1,\"name\":\"Dom\u016f\",\"item\":\"https:\/\/www.spetra.cz\/de\/\"},{\"@type\":\"ListItem\",\"position\":2,\"name\":\"\u00dcber uns\"}]}]}<\/script>\n<!-- \/ Yoast SEO plugin. -->","yoast_head_json":{"title":"\u00dcber uns - SPETRA CZ s.r.o.","robots":{"index":"index","follow":"follow","max-snippet":"max-snippet:-1","max-image-preview":"max-image-preview:large","max-video-preview":"max-video-preview:-1"},"canonical":"https:\/\/www.spetra.cz\/de\/","og_locale":"de_DE","og_type":"article","og_title":"\u00dcber uns - SPETRA CZ s.r.o.","og_description":"[mk_page_section bg_image=&#8221;\/wp-content\/uploads\/2016\/01\/Kamion-Na\u0301hled-7241-e1472450009804.jpg&#8221; bg_stretch=&#8221;true&#8221; video_loop=&#8221;false&#8221; video_color_mask=&#8221;#0a0a0a&#8221; video_opacity=&#8221;0.4&#8243; min_height=&#8221;600&#8243; js_vertical_centered=&#8221;true&#8221; el_class=&#8221;hp-banner&#8221; sidebar=&#8221;sidebar-1&#8243;][vc_column][vc_column_text disable_pattern=&#8221;false&#8221; align=&#8221;center&#8221; animation=&#8221;fade-in&#8221;] \u00dcber uns Internationaler Transport und Spedition[\/vc_column_text][\/vc_column][\/mk_page_section][vc_row][vc_column][mk_padding_divider][vc_column_text]SPETRA CZ s.r.o. ist eine tschechische Firma, die innerstaatlichen und internationalen Transport gew\u00e4hrleistet und eine Spedition betreibt. Geschichte und Vision 1998 haben Iveta und Tade\u00e1\u0161 Barteczek ihre siebenj\u00e4hrige Unternehmenserfahrung bei der Gr\u00fcndung des Firmenunternehmens genutzt, die heute [&hellip;]","og_url":"https:\/\/www.spetra.cz\/de\/","og_site_name":"SPETRA CZ s.r.o.","article_publisher":"https:\/\/www.facebook.com\/spetracz","article_modified_time":"2024-01-09T19:31:02+00:00","twitter_card":"summary","twitter_misc":{"Est. reading time":"1 minute"},"schema":{"@context":"https:\/\/schema.org","@graph":[{"@type":"Organization","@id":"https:\/\/www.spetra.cz\/#organization","name":"SPETRA CZ s.r.o.","url":"https:\/\/www.spetra.cz\/","sameAs":["https:\/\/www.linkedin.com\/company\/spetra-cz-s-r-o","https:\/\/www.facebook.com\/spetracz"],"logo":{"@type":"ImageObject","inLanguage":"de-DE","@id":"https:\/\/www.spetra.cz\/#\/schema\/logo\/image\/","url":"https:\/\/www.spetra.cz\/wp-content\/uploads\/2023\/08\/logo.png","contentUrl":"https:\/\/www.spetra.cz\/wp-content\/uploads\/2023\/08\/logo.png","width":134,"height":48,"caption":"SPETRA CZ s.r.o."},"image":{"@id":"https:\/\/www.spetra.cz\/#\/schema\/logo\/image\/"}},{"@type":"WebSite","@id":"https:\/\/www.spetra.cz\/#website","url":"https:\/\/www.spetra.cz\/","name":"SPETRA CZ s.r.o.","description":"Mezin\u00e1rodn\u00ed doprava a spedice","publisher":{"@id":"https:\/\/www.spetra.cz\/#organization"},"potentialAction":[{"@type":"SearchAction","target":{"@type":"EntryPoint","urlTemplate":"https:\/\/www.spetra.cz\/?s={search_term_string}"},"query-input":"required name=search_term_string"}],"inLanguage":"de-DE"},{"@type":"WebPage","@id":"https:\/\/www.spetra.cz\/de\/","url":"https:\/\/www.spetra.cz\/de\/","name":"\u00dcber uns - SPETRA CZ s.r.o.","isPartOf":{"@id":"https:\/\/www.spetra.cz\/#website"},"datePublished":"2016-03-07T15:51:00+00:00","dateModified":"2024-01-09T19:31:02+00:00","breadcrumb":{"@id":"https:\/\/www.spetra.cz\/de\/#breadcrumb"},"inLanguage":"de-DE","potentialAction":[{"@type":"ReadAction","target":["https:\/\/www.spetra.cz\/de\/"]}]},{"@type":"BreadcrumbList","@id":"https:\/\/www.spetra.cz\/de\/#breadcrumb","itemListElement":[{"@type":"ListItem","position":1,"name":"Dom\u016f","item":"https:\/\/www.spetra.cz\/de\/"},{"@type":"ListItem","position":2,"name":"\u00dcber uns"}]}]}},"_links":{"self":[{"href":"https:\/\/www.spetra.cz\/de\/wp-json\/wp\/v2\/pages\/275"}],"collection":[{"href":"https:\/\/www.spetra.cz\/de\/wp-json\/wp\/v2\/pages"}],"about":[{"href":"https:\/\/www.spetra.cz\/de\/wp-json\/wp\/v2\/types\/page"}],"author":[{"embeddable":true,"href":"https:\/\/www.spetra.cz\/de\/wp-json\/wp\/v2\/users\/3"}],"replies":[{"embeddable":true,"href":"https:\/\/www.spetra.cz\/de\/wp-json\/wp\/v2\/comments?post=275"}],"version-history":[{"count":17,"href":"https:\/\/www.spetra.cz\/de\/wp-json\/wp\/v2\/pages\/275\/revisions"}],"predecessor-version":[{"id":1268,"href":"https:\/\/www.spetra.cz\/de\/wp-json\/wp\/v2\/pages\/275\/revisions\/1268"}],"wp:attachment":[{"href":"https:\/\/www.spetra.cz\/de\/wp-json\/wp\/v2\/media?parent=275"}],"wp:term":[{"taxonomy":"category","embeddable":true,"href":"https:\/\/www.spetra.cz\/de\/wp-json\/wp\/v2\/categories?post=275"},{"taxonomy":"post_tag","embeddable":true,"href":"https:\/\/www.spetra.cz\/de\/wp-json\/wp\/v2\/tags?post=275"}],"curies":[{"name":"wp","href":"https:\/\/api.w.org\/{rel}","templated":true}]}}