{"id":1020,"date":"2016-03-07T16:51:37","date_gmt":"2016-03-07T15:51:37","guid":{"rendered":"http:\/\/spetra.interwal.net\/de\/sluzby\/"},"modified":"2017-11-16T22:09:05","modified_gmt":"2017-11-16T21:09:05","slug":"dienstleistungen","status":"publish","type":"page","link":"https:\/\/www.spetra.cz\/de\/dienstleistungen\/","title":{"rendered":"Dienstleistungen"},"content":{"rendered":"[mk_page_section bg_image=&#8221;\/wp-content\/uploads\/2016\/03\/header_sluzby.jpg&#8221; bg_position=&#8221;center center&#8221; bg_stretch=&#8221;true&#8221; video_loop=&#8221;false&#8221; video_color_mask=&#8221;#0a0a0a&#8221; video_opacity=&#8221;0.4&#8243; min_height=&#8221;250&#8243; js_vertical_centered=&#8221;true&#8221; el_class=&#8221;hp-banner&#8221; sidebar=&#8221;sidebar-1&#8243;][vc_column][vc_column_text disable_pattern=&#8221;false&#8221; align=&#8221;center&#8221; animation=&#8221;fade-in&#8221;]\n<h1>Dienstleistungen<\/h1>\n<p><span style=\"font-size: 18px;\">Mit Ihnen auf Reisen<\/span>[\/vc_column_text][\/vc_column][\/mk_page_section][vc_row][vc_column][mk_padding_divider][\/vc_column][\/vc_row][vc_row fullwidth=&#8221;true&#8221; fullwidth_content=&#8221;false&#8221; el_class=&#8221;sluzby&#8221;][vc_column width=&#8221;1\/3&#8243; el_class=&#8221;sluzby-box sluzby-box-remove-border&#8221;][mk_image src=&#8221;\/wp-content\/uploads\/2016\/03\/icon-nakladni-slinlicni-doprava.png&#8221; image_size=&#8221;full&#8221; link=&#8221;\/de\/lkw-transport-spedition\/&#8221; align=&#8221;center&#8221;][vc_column_text]\n<h3 class=\"mk-image-link\" style=\"text-align: center;\"><a href=\"\/de\/lkw-transport-spedition\/\">LKW Transporte<\/a><\/h3>\n<p style=\"text-align: center;\"><a href=\"\/de\/lkw-transport-spedition\/\">Gro\u00dfe Frachten transportieren wir mit LKWs im Inland und in ganz Europa.<\/a><\/p>\n<div class=\"clearboth\"><\/div>\n[\/vc_column_text][\/vc_column][vc_column width=&#8221;1\/3&#8243; el_class=&#8221;sluzby-box sluzby-box-remove-border&#8221;][mk_image src=&#8221;\/wp-content\/uploads\/2016\/03\/icon-mezinarodni-silinicni-doprava.png&#8221; image_size=&#8221;full&#8221; link=&#8221;\/de\/dienstleistungen\/versandt-fur-kleine-frachter\/&#8221; align=&#8221;center&#8221; margin_bottom=&#8221;0&#8243; animation=&#8221;fade-in&#8221;][vc_column_text]\n<h3 style=\"text-align: center;\"><a href=\"\/de\/dienstleistungen\/versandt-fur-kleine-frachter\/\">Versandt f\u00fcr kleine Fr\u00e4chter<\/a><\/h3>\n<p style=\"text-align: center;\"><a href=\"\/de\/dienstleistungen\/versandt-fur-kleine-frachter\/\">Kleintransporte realisieren wir in Zusammenarbeit mit unseren Partnerfr\u00e4chtern.<\/a><\/p>\n[\/vc_column_text][\/vc_column][vc_column width=&#8221;1\/3&#8243; el_class=&#8221;sluzby-box sluzby-box-remove-border-bottom&#8221;][mk_image src=&#8221;\/wp-content\/uploads\/2016\/03\/icon-autobusova-osobni-preprava.png&#8221; image_size=&#8221;full&#8221; link=&#8221;\/de\/bustransport\/&#8221; align=&#8221;center&#8221; margin_bottom=&#8221;0&#8243; animation=&#8221;fade-in&#8221;][vc_column_text]\n<h3 style=\"text-align: center;\"><a href=\"\/de\/bustransport\/\">Personentransport mit Bussen<\/a><\/h3>\n<p style=\"text-align: center;\"><a href=\"\/de\/bustransport\/\">Unsere Busse vermieten wir f\u00fcr Urlaubsreisen, Studienreisen, Gruppenreisen und auch f\u00fcr Tagesausfl\u00fcge.<\/a><\/p>\n[\/vc_column_text][\/vc_column][\/vc_row][vc_row fullwidth=&#8221;true&#8221; fullwidth_content=&#8221;false&#8221; el_class=&#8221;sluzby&#8221;][vc_column width=&#8221;1\/3&#8243; el_class=&#8221;sluzby-box sluzby-box-remove-border-right&#8221;][mk_image src=&#8221;\/wp-content\/uploads\/2016\/03\/icon-mycka-nakladnich-a-osobnich-vozidel.png&#8221; image_size=&#8221;full&#8221; link=&#8221;http:\/\/www.truckwash.cz\/de&#8221; align=&#8221;center&#8221; margin_bottom=&#8221;0&#8243; animation=&#8221;fade-in&#8221;][vc_column_text]\n<h3 style=\"text-align: center;\"><a href=\"http:\/\/www.truckwash.cz\/de\/\">Waschstra\u00dfe<\/a><\/h3>\n<p style=\"text-align: center;\"><a href=\"http:\/\/www.truckwash.cz\/de\/\">Wir bieten Dienstleistungen f\u00fcr den Fracht- und Personentransport an.<\/a><\/p>\n[\/vc_column_text][\/vc_column][vc_column width=&#8221;1\/3&#8243; el_class=&#8221;sluzby-box sluzby-box-remove-border-right&#8221;][mk_image src=&#8221;\/wp-content\/uploads\/2016\/03\/icon-skladovaci-prostory.png&#8221; image_size=&#8221;full&#8221; link=&#8221;\/de\/dienstleistungen\/lagerraume\/&#8221; align=&#8221;center&#8221; margin_bottom=&#8221;0&#8243; animation=&#8221;fade-in&#8221;][vc_column_text]\n<h3 style=\"text-align: center;\"><a href=\"\/de\/dienstleistungen\/lagerraume\/\">Lagerr\u00e4ume<\/a><\/h3>\n<p style=\"text-align: center;\"><a href=\"\/de\/dienstleistungen\/lagerraume\/\">Wir verf\u00fcgen \u00fcber Lagerr\u00e4ume mit einer Fl\u00e4che von 5 500 m<sup>2<\/sup>.<\/a><\/p>\n[\/vc_column_text][\/vc_column][vc_column width=&#8221;1\/3&#8243; el_class=&#8221;sluzby-box &#8220;][mk_image src=&#8221;\/wp-content\/uploads\/2016\/03\/icon-cerpaci-stanice.png&#8221; image_size=&#8221;full&#8221; link=&#8221;\/de\/dienstleistungen\/tankstelle\/&#8221; align=&#8221;center&#8221; margin_bottom=&#8221;0&#8243; animation=&#8221;fade-in&#8221;][vc_column_text]\n<h3 style=\"text-align: center;\"><a href=\"\/de\/dienstleistungen\/tankstelle\/\">Tankstelle<\/a><\/h3>\n<p style=\"text-align: center;\"><a href=\"\/de\/dienstleistungen\/tankstelle\/\">Betankt werden unsere Fahrzeuge direkt auf dem Gel\u00e4nde der Firma SPETRA CZ.<\/a><\/p>\n[\/vc_column_text][\/vc_column][\/vc_row][vc_row][vc_column][mk_padding_divider size=&#8221;80&#8243;][\/vc_column][\/vc_row]\n","protected":false},"excerpt":{"rendered":"<p>[mk_page_section bg_image=&#8221;\/wp-content\/uploads\/2016\/03\/header_sluzby.jpg&#8221; bg_position=&#8221;center center&#8221; bg_stretch=&#8221;true&#8221; video_loop=&#8221;false&#8221; video_color_mask=&#8221;#0a0a0a&#8221; video_opacity=&#8221;0.4&#8243; min_height=&#8221;250&#8243; js_vertical_centered=&#8221;true&#8221; el_class=&#8221;hp-banner&#8221; sidebar=&#8221;sidebar-1&#8243;][vc_column][vc_column_text disable_pattern=&#8221;false&#8221; align=&#8221;center&#8221; animation=&#8221;fade-in&#8221;] Dienstleistungen Mit Ihnen auf Reisen[\/vc_column_text][\/vc_column][\/mk_page_section][vc_row][vc_column][mk_padding_divider][\/vc_column][\/vc_row][vc_row fullwidth=&#8221;true&#8221; fullwidth_content=&#8221;false&#8221; el_class=&#8221;sluzby&#8221;][vc_column width=&#8221;1\/3&#8243; el_class=&#8221;sluzby-box sluzby-box-remove-border&#8221;][mk_image src=&#8221;\/wp-content\/uploads\/2016\/03\/icon-nakladni-slinlicni-doprava.png&#8221; image_size=&#8221;full&#8221; link=&#8221;\/de\/lkw-transport-spedition\/&#8221; align=&#8221;center&#8221;][vc_column_text] LKW Transporte Gro\u00dfe Frachten transportieren wir mit LKWs im Inland und in ganz Europa. [\/vc_column_text][\/vc_column][vc_column width=&#8221;1\/3&#8243; el_class=&#8221;sluzby-box sluzby-box-remove-border&#8221;][mk_image src=&#8221;\/wp-content\/uploads\/2016\/03\/icon-mezinarodni-silinicni-doprava.png&#8221; image_size=&#8221;full&#8221; link=&#8221;\/de\/dienstleistungen\/versandt-fur-kleine-frachter\/&#8221; align=&#8221;center&#8221; margin_bottom=&#8221;0&#8243; animation=&#8221;fade-in&#8221;][vc_column_text] Versandt [&hellip;]<\/p>\n","protected":false},"author":3,"featured_media":0,"parent":0,"menu_order":0,"comment_status":"closed","ping_status":"closed","template":"","meta":{"_custom_body_class":"","_custom_post_class":""},"categories":[],"tags":[],"yoast_head":"<!-- This site is optimized with the Yoast SEO plugin v19.4 - https:\/\/yoast.com\/wordpress\/plugins\/seo\/ -->\n<title>Dienstleistungen - SPETRA CZ s.r.o.<\/title>\n<meta name=\"robots\" content=\"index, follow, max-snippet:-1, max-image-preview:large, max-video-preview:-1\" \/>\n<link rel=\"canonical\" href=\"https:\/\/www.spetra.cz\/de\/dienstleistungen\/\" \/>\n<meta property=\"og:locale\" content=\"de_DE\" \/>\n<meta property=\"og:type\" content=\"article\" \/>\n<meta property=\"og:title\" content=\"Dienstleistungen - SPETRA CZ s.r.o.\" \/>\n<meta property=\"og:description\" content=\"[mk_page_section bg_image=&#8221;\/wp-content\/uploads\/2016\/03\/header_sluzby.jpg&#8221; bg_position=&#8221;center center&#8221; bg_stretch=&#8221;true&#8221; video_loop=&#8221;false&#8221; video_color_mask=&#8221;#0a0a0a&#8221; video_opacity=&#8221;0.4&#8243; min_height=&#8221;250&#8243; js_vertical_centered=&#8221;true&#8221; el_class=&#8221;hp-banner&#8221; sidebar=&#8221;sidebar-1&#8243;][vc_column][vc_column_text disable_pattern=&#8221;false&#8221; align=&#8221;center&#8221; animation=&#8221;fade-in&#8221;] Dienstleistungen Mit Ihnen auf Reisen[\/vc_column_text][\/vc_column][\/mk_page_section][vc_row][vc_column][mk_padding_divider][\/vc_column][\/vc_row][vc_row fullwidth=&#8221;true&#8221; fullwidth_content=&#8221;false&#8221; el_class=&#8221;sluzby&#8221;][vc_column width=&#8221;1\/3&#8243; el_class=&#8221;sluzby-box sluzby-box-remove-border&#8221;][mk_image src=&#8221;\/wp-content\/uploads\/2016\/03\/icon-nakladni-slinlicni-doprava.png&#8221; image_size=&#8221;full&#8221; link=&#8221;\/de\/lkw-transport-spedition\/&#8221; align=&#8221;center&#8221;][vc_column_text] LKW Transporte Gro\u00dfe Frachten transportieren wir mit LKWs im Inland und in ganz Europa. [\/vc_column_text][\/vc_column][vc_column width=&#8221;1\/3&#8243; el_class=&#8221;sluzby-box sluzby-box-remove-border&#8221;][mk_image src=&#8221;\/wp-content\/uploads\/2016\/03\/icon-mezinarodni-silinicni-doprava.png&#8221; image_size=&#8221;full&#8221; link=&#8221;\/de\/dienstleistungen\/versandt-fur-kleine-frachter\/&#8221; align=&#8221;center&#8221; margin_bottom=&#8221;0&#8243; animation=&#8221;fade-in&#8221;][vc_column_text] Versandt [&hellip;]\" \/>\n<meta property=\"og:url\" content=\"https:\/\/www.spetra.cz\/de\/dienstleistungen\/\" \/>\n<meta property=\"og:site_name\" content=\"SPETRA CZ s.r.o.\" \/>\n<meta property=\"article:publisher\" content=\"https:\/\/www.facebook.com\/spetracz\" \/>\n<meta property=\"article:modified_time\" content=\"2017-11-16T21:09:05+00:00\" \/>\n<meta name=\"twitter:card\" content=\"summary\" \/>\n<meta name=\"twitter:label1\" content=\"Est. reading time\" \/>\n\t<meta name=\"twitter:data1\" content=\"2 minutes\" \/>\n<script type=\"application\/ld+json\" class=\"yoast-schema-graph\">{\"@context\":\"https:\/\/schema.org\",\"@graph\":[{\"@type\":\"Organization\",\"@id\":\"https:\/\/www.spetra.cz\/#organization\",\"name\":\"SPETRA CZ s.r.o.\",\"url\":\"https:\/\/www.spetra.cz\/\",\"sameAs\":[\"https:\/\/www.linkedin.com\/company\/spetra-cz-s-r-o\",\"https:\/\/www.facebook.com\/spetracz\"],\"logo\":{\"@type\":\"ImageObject\",\"inLanguage\":\"de-DE\",\"@id\":\"https:\/\/www.spetra.cz\/#\/schema\/logo\/image\/\",\"url\":\"https:\/\/www.spetra.cz\/wp-content\/uploads\/2023\/08\/logo.png\",\"contentUrl\":\"https:\/\/www.spetra.cz\/wp-content\/uploads\/2023\/08\/logo.png\",\"width\":134,\"height\":48,\"caption\":\"SPETRA CZ s.r.o.\"},\"image\":{\"@id\":\"https:\/\/www.spetra.cz\/#\/schema\/logo\/image\/\"}},{\"@type\":\"WebSite\",\"@id\":\"https:\/\/www.spetra.cz\/#website\",\"url\":\"https:\/\/www.spetra.cz\/\",\"name\":\"SPETRA CZ s.r.o.\",\"description\":\"Mezin\u00e1rodn\u00ed doprava a spedice\",\"publisher\":{\"@id\":\"https:\/\/www.spetra.cz\/#organization\"},\"potentialAction\":[{\"@type\":\"SearchAction\",\"target\":{\"@type\":\"EntryPoint\",\"urlTemplate\":\"https:\/\/www.spetra.cz\/?s={search_term_string}\"},\"query-input\":\"required name=search_term_string\"}],\"inLanguage\":\"de-DE\"},{\"@type\":\"WebPage\",\"@id\":\"https:\/\/www.spetra.cz\/de\/dienstleistungen\/\",\"url\":\"https:\/\/www.spetra.cz\/de\/dienstleistungen\/\",\"name\":\"Dienstleistungen - SPETRA CZ s.r.o.\",\"isPartOf\":{\"@id\":\"https:\/\/www.spetra.cz\/#website\"},\"datePublished\":\"2016-03-07T15:51:37+00:00\",\"dateModified\":\"2017-11-16T21:09:05+00:00\",\"breadcrumb\":{\"@id\":\"https:\/\/www.spetra.cz\/de\/dienstleistungen\/#breadcrumb\"},\"inLanguage\":\"de-DE\",\"potentialAction\":[{\"@type\":\"ReadAction\",\"target\":[\"https:\/\/www.spetra.cz\/de\/dienstleistungen\/\"]}]},{\"@type\":\"BreadcrumbList\",\"@id\":\"https:\/\/www.spetra.cz\/de\/dienstleistungen\/#breadcrumb\",\"itemListElement\":[{\"@type\":\"ListItem\",\"position\":1,\"name\":\"Dom\u016f\",\"item\":\"https:\/\/www.spetra.cz\/de\/\"},{\"@type\":\"ListItem\",\"position\":2,\"name\":\"Dienstleistungen\"}]}]}<\/script>\n<!-- \/ Yoast SEO plugin. -->","yoast_head_json":{"title":"Dienstleistungen - SPETRA CZ s.r.o.","robots":{"index":"index","follow":"follow","max-snippet":"max-snippet:-1","max-image-preview":"max-image-preview:large","max-video-preview":"max-video-preview:-1"},"canonical":"https:\/\/www.spetra.cz\/de\/dienstleistungen\/","og_locale":"de_DE","og_type":"article","og_title":"Dienstleistungen - SPETRA CZ s.r.o.","og_description":"[mk_page_section bg_image=&#8221;\/wp-content\/uploads\/2016\/03\/header_sluzby.jpg&#8221; bg_position=&#8221;center center&#8221; bg_stretch=&#8221;true&#8221; video_loop=&#8221;false&#8221; video_color_mask=&#8221;#0a0a0a&#8221; video_opacity=&#8221;0.4&#8243; min_height=&#8221;250&#8243; js_vertical_centered=&#8221;true&#8221; el_class=&#8221;hp-banner&#8221; sidebar=&#8221;sidebar-1&#8243;][vc_column][vc_column_text disable_pattern=&#8221;false&#8221; align=&#8221;center&#8221; animation=&#8221;fade-in&#8221;] Dienstleistungen Mit Ihnen auf Reisen[\/vc_column_text][\/vc_column][\/mk_page_section][vc_row][vc_column][mk_padding_divider][\/vc_column][\/vc_row][vc_row fullwidth=&#8221;true&#8221; fullwidth_content=&#8221;false&#8221; el_class=&#8221;sluzby&#8221;][vc_column width=&#8221;1\/3&#8243; el_class=&#8221;sluzby-box sluzby-box-remove-border&#8221;][mk_image src=&#8221;\/wp-content\/uploads\/2016\/03\/icon-nakladni-slinlicni-doprava.png&#8221; image_size=&#8221;full&#8221; link=&#8221;\/de\/lkw-transport-spedition\/&#8221; align=&#8221;center&#8221;][vc_column_text] LKW Transporte Gro\u00dfe Frachten transportieren wir mit LKWs im Inland und in ganz Europa. [\/vc_column_text][\/vc_column][vc_column width=&#8221;1\/3&#8243; el_class=&#8221;sluzby-box sluzby-box-remove-border&#8221;][mk_image src=&#8221;\/wp-content\/uploads\/2016\/03\/icon-mezinarodni-silinicni-doprava.png&#8221; image_size=&#8221;full&#8221; link=&#8221;\/de\/dienstleistungen\/versandt-fur-kleine-frachter\/&#8221; align=&#8221;center&#8221; margin_bottom=&#8221;0&#8243; animation=&#8221;fade-in&#8221;][vc_column_text] Versandt [&hellip;]","og_url":"https:\/\/www.spetra.cz\/de\/dienstleistungen\/","og_site_name":"SPETRA CZ s.r.o.","article_publisher":"https:\/\/www.facebook.com\/spetracz","article_modified_time":"2017-11-16T21:09:05+00:00","twitter_card":"summary","twitter_misc":{"Est. reading time":"2 minutes"},"schema":{"@context":"https:\/\/schema.org","@graph":[{"@type":"Organization","@id":"https:\/\/www.spetra.cz\/#organization","name":"SPETRA CZ s.r.o.","url":"https:\/\/www.spetra.cz\/","sameAs":["https:\/\/www.linkedin.com\/company\/spetra-cz-s-r-o","https:\/\/www.facebook.com\/spetracz"],"logo":{"@type":"ImageObject","inLanguage":"de-DE","@id":"https:\/\/www.spetra.cz\/#\/schema\/logo\/image\/","url":"https:\/\/www.spetra.cz\/wp-content\/uploads\/2023\/08\/logo.png","contentUrl":"https:\/\/www.spetra.cz\/wp-content\/uploads\/2023\/08\/logo.png","width":134,"height":48,"caption":"SPETRA CZ s.r.o."},"image":{"@id":"https:\/\/www.spetra.cz\/#\/schema\/logo\/image\/"}},{"@type":"WebSite","@id":"https:\/\/www.spetra.cz\/#website","url":"https:\/\/www.spetra.cz\/","name":"SPETRA CZ s.r.o.","description":"Mezin\u00e1rodn\u00ed doprava a spedice","publisher":{"@id":"https:\/\/www.spetra.cz\/#organization"},"potentialAction":[{"@type":"SearchAction","target":{"@type":"EntryPoint","urlTemplate":"https:\/\/www.spetra.cz\/?s={search_term_string}"},"query-input":"required name=search_term_string"}],"inLanguage":"de-DE"},{"@type":"WebPage","@id":"https:\/\/www.spetra.cz\/de\/dienstleistungen\/","url":"https:\/\/www.spetra.cz\/de\/dienstleistungen\/","name":"Dienstleistungen - SPETRA CZ s.r.o.","isPartOf":{"@id":"https:\/\/www.spetra.cz\/#website"},"datePublished":"2016-03-07T15:51:37+00:00","dateModified":"2017-11-16T21:09:05+00:00","breadcrumb":{"@id":"https:\/\/www.spetra.cz\/de\/dienstleistungen\/#breadcrumb"},"inLanguage":"de-DE","potentialAction":[{"@type":"ReadAction","target":["https:\/\/www.spetra.cz\/de\/dienstleistungen\/"]}]},{"@type":"BreadcrumbList","@id":"https:\/\/www.spetra.cz\/de\/dienstleistungen\/#breadcrumb","itemListElement":[{"@type":"ListItem","position":1,"name":"Dom\u016f","item":"https:\/\/www.spetra.cz\/de\/"},{"@type":"ListItem","position":2,"name":"Dienstleistungen"}]}]}},"_links":{"self":[{"href":"https:\/\/www.spetra.cz\/de\/wp-json\/wp\/v2\/pages\/1020"}],"collection":[{"href":"https:\/\/www.spetra.cz\/de\/wp-json\/wp\/v2\/pages"}],"about":[{"href":"https:\/\/www.spetra.cz\/de\/wp-json\/wp\/v2\/types\/page"}],"author":[{"embeddable":true,"href":"https:\/\/www.spetra.cz\/de\/wp-json\/wp\/v2\/users\/3"}],"replies":[{"embeddable":true,"href":"https:\/\/www.spetra.cz\/de\/wp-json\/wp\/v2\/comments?post=1020"}],"version-history":[{"count":10,"href":"https:\/\/www.spetra.cz\/de\/wp-json\/wp\/v2\/pages\/1020\/revisions"}],"predecessor-version":[{"id":1194,"href":"https:\/\/www.spetra.cz\/de\/wp-json\/wp\/v2\/pages\/1020\/revisions\/1194"}],"wp:attachment":[{"href":"https:\/\/www.spetra.cz\/de\/wp-json\/wp\/v2\/media?parent=1020"}],"wp:term":[{"taxonomy":"category","embeddable":true,"href":"https:\/\/www.spetra.cz\/de\/wp-json\/wp\/v2\/categories?post=1020"},{"taxonomy":"post_tag","embeddable":true,"href":"https:\/\/www.spetra.cz\/de\/wp-json\/wp\/v2\/tags?post=1020"}],"curies":[{"name":"wp","href":"https:\/\/api.w.org\/{rel}","templated":true}]}}