{"id":1010,"date":"2017-10-18T09:44:30","date_gmt":"2017-10-18T08:44:30","guid":{"rendered":"http:\/\/spetra.interwal.net\/de\/nakladni-silnicni-doprava\/"},"modified":"2024-01-09T20:39:23","modified_gmt":"2024-01-09T19:39:23","slug":"lkw-transport-spedition","status":"publish","type":"page","link":"https:\/\/www.spetra.cz\/de\/lkw-transport-spedition\/","title":{"rendered":"LKW Transport \/ Spedition"},"content":{"rendered":"[mk_page_section bg_image=&#8221;\/wp-content\/uploads\/2017\/08\/header_zasilatelstvi.jpg&#8221; bg_stretch=&#8221;true&#8221; video_loop=&#8221;false&#8221; video_color_mask=&#8221;#0a0a0a&#8221; video_opacity=&#8221;0.4&#8243; min_height=&#8221;250&#8243; js_vertical_centered=&#8221;true&#8221; el_class=&#8221;hp-banner&#8221; sidebar=&#8221;sidebar-1&#8243;][vc_column][vc_column_text disable_pattern=&#8221;false&#8221; align=&#8221;center&#8221; animation=&#8221;fade-in&#8221;]\n<h1>LKW Transport \/ Spedition<\/h1>\n<p><span style=\"font-size: 18px;\">Ihre Fracht transportieren wir mit LKWs im Inland und in ganz Europa<\/span>[\/vc_column_text][\/vc_column][\/mk_page_section][vc_row fullwidth=&#8221;true&#8221; el_class=&#8221;hp-two-column-box&#8221;][vc_column width=&#8221;1\/2&#8243; el_class=&#8221;hp-two-column-box-img&#8221;][mk_image src=&#8221;\/wp-content\/uploads\/2016\/01\/Cisterna-Na\u0301hled-7307.jpg&#8221; image_size=&#8221;full&#8221;][\/vc_column][vc_column width=&#8221;1\/2&#8243; el_class=&#8221;hp-two-column-box-content&#8221;][mk_padding_divider size=&#8221;20&#8243;][vc_column_text animation=&#8221;fade-in&#8221;]Unser Fuhrpark umfasst 38 LKWs der Marke SCANIA, die mit einem klugen Navigationssystem ausgestattet sind, das sowohl die Tschechische Republik als auch das Ausland abdeckt. Obwohl wir unsere Fahrzeuge regelm\u00e4\u00dfig warten, tauschen wir diese alle f\u00fcnf Jahre gegen neue Fahrzeuge.[\/vc_column_text][\/vc_column][\/vc_row][vc_row fullwidth=&#8221;true&#8221; visibility=&#8221;hidden-sm&#8221; el_class=&#8221;hp-two-column-box hp-two-column-box-inverse&#8221;][vc_column width=&#8221;1\/2&#8243; el_class=&#8221;hp-two-column-box-content&#8221;][mk_padding_divider size=&#8221;20&#8243;][vc_column_text animation=&#8221;fade-in&#8221;]Alle unsere Lastkraftwagen erf\u00fcllen die strengen Umweltbedingungen. Zur Vermietung der LKWs bieten wir automatisch die Dienstleistungen unserer Schaltzentrale an, die 24 Stunden t\u00e4glich besetzt ist. Waren k\u00f6nnen im bewachten Lager der Firma SPETRA in T\u0159anovice gelagert werden. Sehr gerne helfen wir Ihnen auch mit der Transportlogistik.<\/p>\n<p>Unsere LKWs f\u00fchren keine ADR Transporte und \u00fcberbreiten Transporte durch.[\/vc_column_text][\/vc_column][vc_column width=&#8221;1\/2&#8243; el_class=&#8221;hp-two-column-box-img&#8221;][mk_image src=&#8221;\/wp-content\/uploads\/2016\/01\/Kamion-Na\u0301hled-7222.jpg&#8221; image_width=&#8221;1500&#8243; image_height=&#8221;600&#8243;][\/vc_column][\/vc_row][vc_row fullwidth=&#8221;true&#8221; el_class=&#8221;hp-two-column-box&#8221;][vc_column width=&#8221;1\/2&#8243; el_class=&#8221;hp-two-column-box-img&#8221;][mk_image src=&#8221;\/wp-content\/uploads\/2016\/01\/Cisterna-Na\u0301hled-7274-e1472117301470.jpg&#8221; image_size=&#8221;full&#8221;][\/vc_column][vc_column width=&#8221;1\/2&#8243; el_class=&#8221;hp-two-column-box-content&#8221;][mk_padding_divider size=&#8221;20&#8243;][vc_column_text animation=&#8221;fade-in&#8221;]\n<p style=\"text-align: left;\">Wir verf\u00fcgen \u00fcber Anh\u00e4nger mit Planen, K\u00fchlfahrzeuge mit Zertifikaten f\u00fcr den Transport von Lebensmitteln, Kippsilofahrzeuge und Niedertonnagefahrzeuge bis zu 12 Tonnen MAN.<\/p>\n[\/vc_column_text][\/vc_column][\/vc_row][vc_row][vc_column][\/vc_column][\/vc_row]\n","protected":false},"excerpt":{"rendered":"<p>[mk_page_section bg_image=&#8221;\/wp-content\/uploads\/2017\/08\/header_zasilatelstvi.jpg&#8221; bg_stretch=&#8221;true&#8221; video_loop=&#8221;false&#8221; video_color_mask=&#8221;#0a0a0a&#8221; video_opacity=&#8221;0.4&#8243; min_height=&#8221;250&#8243; js_vertical_centered=&#8221;true&#8221; el_class=&#8221;hp-banner&#8221; sidebar=&#8221;sidebar-1&#8243;][vc_column][vc_column_text disable_pattern=&#8221;false&#8221; align=&#8221;center&#8221; animation=&#8221;fade-in&#8221;] LKW Transport \/ Spedition Ihre Fracht transportieren wir mit LKWs im Inland und in ganz Europa[\/vc_column_text][\/vc_column][\/mk_page_section][vc_row fullwidth=&#8221;true&#8221; el_class=&#8221;hp-two-column-box&#8221;][vc_column width=&#8221;1\/2&#8243; el_class=&#8221;hp-two-column-box-img&#8221;][mk_image src=&#8221;\/wp-content\/uploads\/2016\/01\/Cisterna-Na\u0301hled-7307.jpg&#8221; image_size=&#8221;full&#8221;][\/vc_column][vc_column width=&#8221;1\/2&#8243; el_class=&#8221;hp-two-column-box-content&#8221;][mk_padding_divider size=&#8221;20&#8243;][vc_column_text animation=&#8221;fade-in&#8221;]Unser Fuhrpark umfasst 38 LKWs der Marke SCANIA, die mit einem klugen Navigationssystem ausgestattet sind, das sowohl [&hellip;]<\/p>\n","protected":false},"author":3,"featured_media":0,"parent":0,"menu_order":0,"comment_status":"closed","ping_status":"closed","template":"","meta":{"_custom_body_class":"","_custom_post_class":""},"categories":[],"tags":[],"yoast_head":"<!-- This site is optimized with the Yoast SEO plugin v19.4 - https:\/\/yoast.com\/wordpress\/plugins\/seo\/ -->\n<title>LKW Transport \/ Spedition - SPETRA CZ s.r.o.<\/title>\n<meta name=\"robots\" content=\"index, follow, max-snippet:-1, max-image-preview:large, max-video-preview:-1\" \/>\n<link rel=\"canonical\" href=\"https:\/\/www.spetra.cz\/de\/lkw-transport-spedition\/\" \/>\n<meta property=\"og:locale\" content=\"de_DE\" \/>\n<meta property=\"og:type\" content=\"article\" \/>\n<meta property=\"og:title\" content=\"LKW Transport \/ Spedition - SPETRA CZ s.r.o.\" \/>\n<meta property=\"og:description\" content=\"[mk_page_section bg_image=&#8221;\/wp-content\/uploads\/2017\/08\/header_zasilatelstvi.jpg&#8221; bg_stretch=&#8221;true&#8221; video_loop=&#8221;false&#8221; video_color_mask=&#8221;#0a0a0a&#8221; video_opacity=&#8221;0.4&#8243; min_height=&#8221;250&#8243; js_vertical_centered=&#8221;true&#8221; el_class=&#8221;hp-banner&#8221; sidebar=&#8221;sidebar-1&#8243;][vc_column][vc_column_text disable_pattern=&#8221;false&#8221; align=&#8221;center&#8221; animation=&#8221;fade-in&#8221;] LKW Transport \/ Spedition Ihre Fracht transportieren wir mit LKWs im Inland und in ganz Europa[\/vc_column_text][\/vc_column][\/mk_page_section][vc_row fullwidth=&#8221;true&#8221; el_class=&#8221;hp-two-column-box&#8221;][vc_column width=&#8221;1\/2&#8243; el_class=&#8221;hp-two-column-box-img&#8221;][mk_image src=&#8221;\/wp-content\/uploads\/2016\/01\/Cisterna-Na\u0301hled-7307.jpg&#8221; image_size=&#8221;full&#8221;][\/vc_column][vc_column width=&#8221;1\/2&#8243; el_class=&#8221;hp-two-column-box-content&#8221;][mk_padding_divider size=&#8221;20&#8243;][vc_column_text animation=&#8221;fade-in&#8221;]Unser Fuhrpark umfasst 38 LKWs der Marke SCANIA, die mit einem klugen Navigationssystem ausgestattet sind, das sowohl [&hellip;]\" \/>\n<meta property=\"og:url\" content=\"https:\/\/www.spetra.cz\/de\/lkw-transport-spedition\/\" \/>\n<meta property=\"og:site_name\" content=\"SPETRA CZ s.r.o.\" \/>\n<meta property=\"article:publisher\" content=\"https:\/\/www.facebook.com\/spetracz\" \/>\n<meta property=\"article:modified_time\" content=\"2024-01-09T19:39:23+00:00\" \/>\n<meta name=\"twitter:card\" content=\"summary\" \/>\n<meta name=\"twitter:label1\" content=\"Est. reading time\" \/>\n\t<meta name=\"twitter:data1\" content=\"1 minute\" \/>\n<script type=\"application\/ld+json\" class=\"yoast-schema-graph\">{\"@context\":\"https:\/\/schema.org\",\"@graph\":[{\"@type\":\"Organization\",\"@id\":\"https:\/\/www.spetra.cz\/#organization\",\"name\":\"SPETRA CZ s.r.o.\",\"url\":\"https:\/\/www.spetra.cz\/\",\"sameAs\":[\"https:\/\/www.linkedin.com\/company\/spetra-cz-s-r-o\",\"https:\/\/www.facebook.com\/spetracz\"],\"logo\":{\"@type\":\"ImageObject\",\"inLanguage\":\"de-DE\",\"@id\":\"https:\/\/www.spetra.cz\/#\/schema\/logo\/image\/\",\"url\":\"https:\/\/www.spetra.cz\/wp-content\/uploads\/2023\/08\/logo.png\",\"contentUrl\":\"https:\/\/www.spetra.cz\/wp-content\/uploads\/2023\/08\/logo.png\",\"width\":134,\"height\":48,\"caption\":\"SPETRA CZ s.r.o.\"},\"image\":{\"@id\":\"https:\/\/www.spetra.cz\/#\/schema\/logo\/image\/\"}},{\"@type\":\"WebSite\",\"@id\":\"https:\/\/www.spetra.cz\/#website\",\"url\":\"https:\/\/www.spetra.cz\/\",\"name\":\"SPETRA CZ s.r.o.\",\"description\":\"Mezin\u00e1rodn\u00ed doprava a spedice\",\"publisher\":{\"@id\":\"https:\/\/www.spetra.cz\/#organization\"},\"potentialAction\":[{\"@type\":\"SearchAction\",\"target\":{\"@type\":\"EntryPoint\",\"urlTemplate\":\"https:\/\/www.spetra.cz\/?s={search_term_string}\"},\"query-input\":\"required name=search_term_string\"}],\"inLanguage\":\"de-DE\"},{\"@type\":\"WebPage\",\"@id\":\"https:\/\/www.spetra.cz\/de\/lkw-transport-spedition\/\",\"url\":\"https:\/\/www.spetra.cz\/de\/lkw-transport-spedition\/\",\"name\":\"LKW Transport \/ Spedition - SPETRA CZ s.r.o.\",\"isPartOf\":{\"@id\":\"https:\/\/www.spetra.cz\/#website\"},\"datePublished\":\"2017-10-18T08:44:30+00:00\",\"dateModified\":\"2024-01-09T19:39:23+00:00\",\"breadcrumb\":{\"@id\":\"https:\/\/www.spetra.cz\/de\/lkw-transport-spedition\/#breadcrumb\"},\"inLanguage\":\"de-DE\",\"potentialAction\":[{\"@type\":\"ReadAction\",\"target\":[\"https:\/\/www.spetra.cz\/de\/lkw-transport-spedition\/\"]}]},{\"@type\":\"BreadcrumbList\",\"@id\":\"https:\/\/www.spetra.cz\/de\/lkw-transport-spedition\/#breadcrumb\",\"itemListElement\":[{\"@type\":\"ListItem\",\"position\":1,\"name\":\"Dom\u016f\",\"item\":\"https:\/\/www.spetra.cz\/de\/\"},{\"@type\":\"ListItem\",\"position\":2,\"name\":\"LKW Transport \/ Spedition\"}]}]}<\/script>\n<!-- \/ Yoast SEO plugin. -->","yoast_head_json":{"title":"LKW Transport \/ Spedition - SPETRA CZ s.r.o.","robots":{"index":"index","follow":"follow","max-snippet":"max-snippet:-1","max-image-preview":"max-image-preview:large","max-video-preview":"max-video-preview:-1"},"canonical":"https:\/\/www.spetra.cz\/de\/lkw-transport-spedition\/","og_locale":"de_DE","og_type":"article","og_title":"LKW Transport \/ Spedition - SPETRA CZ s.r.o.","og_description":"[mk_page_section bg_image=&#8221;\/wp-content\/uploads\/2017\/08\/header_zasilatelstvi.jpg&#8221; bg_stretch=&#8221;true&#8221; video_loop=&#8221;false&#8221; video_color_mask=&#8221;#0a0a0a&#8221; video_opacity=&#8221;0.4&#8243; min_height=&#8221;250&#8243; js_vertical_centered=&#8221;true&#8221; el_class=&#8221;hp-banner&#8221; sidebar=&#8221;sidebar-1&#8243;][vc_column][vc_column_text disable_pattern=&#8221;false&#8221; align=&#8221;center&#8221; animation=&#8221;fade-in&#8221;] LKW Transport \/ Spedition Ihre Fracht transportieren wir mit LKWs im Inland und in ganz Europa[\/vc_column_text][\/vc_column][\/mk_page_section][vc_row fullwidth=&#8221;true&#8221; el_class=&#8221;hp-two-column-box&#8221;][vc_column width=&#8221;1\/2&#8243; el_class=&#8221;hp-two-column-box-img&#8221;][mk_image src=&#8221;\/wp-content\/uploads\/2016\/01\/Cisterna-Na\u0301hled-7307.jpg&#8221; image_size=&#8221;full&#8221;][\/vc_column][vc_column width=&#8221;1\/2&#8243; el_class=&#8221;hp-two-column-box-content&#8221;][mk_padding_divider size=&#8221;20&#8243;][vc_column_text animation=&#8221;fade-in&#8221;]Unser Fuhrpark umfasst 38 LKWs der Marke SCANIA, die mit einem klugen Navigationssystem ausgestattet sind, das sowohl [&hellip;]","og_url":"https:\/\/www.spetra.cz\/de\/lkw-transport-spedition\/","og_site_name":"SPETRA CZ s.r.o.","article_publisher":"https:\/\/www.facebook.com\/spetracz","article_modified_time":"2024-01-09T19:39:23+00:00","twitter_card":"summary","twitter_misc":{"Est. reading time":"1 minute"},"schema":{"@context":"https:\/\/schema.org","@graph":[{"@type":"Organization","@id":"https:\/\/www.spetra.cz\/#organization","name":"SPETRA CZ s.r.o.","url":"https:\/\/www.spetra.cz\/","sameAs":["https:\/\/www.linkedin.com\/company\/spetra-cz-s-r-o","https:\/\/www.facebook.com\/spetracz"],"logo":{"@type":"ImageObject","inLanguage":"de-DE","@id":"https:\/\/www.spetra.cz\/#\/schema\/logo\/image\/","url":"https:\/\/www.spetra.cz\/wp-content\/uploads\/2023\/08\/logo.png","contentUrl":"https:\/\/www.spetra.cz\/wp-content\/uploads\/2023\/08\/logo.png","width":134,"height":48,"caption":"SPETRA CZ s.r.o."},"image":{"@id":"https:\/\/www.spetra.cz\/#\/schema\/logo\/image\/"}},{"@type":"WebSite","@id":"https:\/\/www.spetra.cz\/#website","url":"https:\/\/www.spetra.cz\/","name":"SPETRA CZ s.r.o.","description":"Mezin\u00e1rodn\u00ed doprava a spedice","publisher":{"@id":"https:\/\/www.spetra.cz\/#organization"},"potentialAction":[{"@type":"SearchAction","target":{"@type":"EntryPoint","urlTemplate":"https:\/\/www.spetra.cz\/?s={search_term_string}"},"query-input":"required name=search_term_string"}],"inLanguage":"de-DE"},{"@type":"WebPage","@id":"https:\/\/www.spetra.cz\/de\/lkw-transport-spedition\/","url":"https:\/\/www.spetra.cz\/de\/lkw-transport-spedition\/","name":"LKW Transport \/ Spedition - SPETRA CZ s.r.o.","isPartOf":{"@id":"https:\/\/www.spetra.cz\/#website"},"datePublished":"2017-10-18T08:44:30+00:00","dateModified":"2024-01-09T19:39:23+00:00","breadcrumb":{"@id":"https:\/\/www.spetra.cz\/de\/lkw-transport-spedition\/#breadcrumb"},"inLanguage":"de-DE","potentialAction":[{"@type":"ReadAction","target":["https:\/\/www.spetra.cz\/de\/lkw-transport-spedition\/"]}]},{"@type":"BreadcrumbList","@id":"https:\/\/www.spetra.cz\/de\/lkw-transport-spedition\/#breadcrumb","itemListElement":[{"@type":"ListItem","position":1,"name":"Dom\u016f","item":"https:\/\/www.spetra.cz\/de\/"},{"@type":"ListItem","position":2,"name":"LKW Transport \/ Spedition"}]}]}},"_links":{"self":[{"href":"https:\/\/www.spetra.cz\/de\/wp-json\/wp\/v2\/pages\/1010"}],"collection":[{"href":"https:\/\/www.spetra.cz\/de\/wp-json\/wp\/v2\/pages"}],"about":[{"href":"https:\/\/www.spetra.cz\/de\/wp-json\/wp\/v2\/types\/page"}],"author":[{"embeddable":true,"href":"https:\/\/www.spetra.cz\/de\/wp-json\/wp\/v2\/users\/3"}],"replies":[{"embeddable":true,"href":"https:\/\/www.spetra.cz\/de\/wp-json\/wp\/v2\/comments?post=1010"}],"version-history":[{"count":5,"href":"https:\/\/www.spetra.cz\/de\/wp-json\/wp\/v2\/pages\/1010\/revisions"}],"predecessor-version":[{"id":1271,"href":"https:\/\/www.spetra.cz\/de\/wp-json\/wp\/v2\/pages\/1010\/revisions\/1271"}],"wp:attachment":[{"href":"https:\/\/www.spetra.cz\/de\/wp-json\/wp\/v2\/media?parent=1010"}],"wp:term":[{"taxonomy":"category","embeddable":true,"href":"https:\/\/www.spetra.cz\/de\/wp-json\/wp\/v2\/categories?post=1010"},{"taxonomy":"post_tag","embeddable":true,"href":"https:\/\/www.spetra.cz\/de\/wp-json\/wp\/v2\/tags?post=1010"}],"curies":[{"name":"wp","href":"https:\/\/api.w.org\/{rel}","templated":true}]}}