{"id":1004,"date":"2016-03-07T16:53:36","date_gmt":"2016-03-07T15:53:36","guid":{"rendered":"http:\/\/spetra.interwal.net\/de\/autobusova-doprava\/"},"modified":"2024-01-09T20:45:32","modified_gmt":"2024-01-09T19:45:32","slug":"bustransport","status":"publish","type":"page","link":"https:\/\/www.spetra.cz\/de\/bustransport\/","title":{"rendered":"Bustransport"},"content":{"rendered":"[mk_page_section bg_image=&#8221;\/wp-content\/uploads\/2016\/01\/Autobus-Na\u0301hled-7462-e1472117473549.jpg&#8221; bg_position=&#8221;center center&#8221; bg_stretch=&#8221;true&#8221; video_loop=&#8221;false&#8221; video_color_mask=&#8221;#0a0a0a&#8221; video_opacity=&#8221;0.4&#8243; min_height=&#8221;250&#8243; js_vertical_centered=&#8221;true&#8221; el_class=&#8221;hp-banner&#8221; sidebar=&#8221;sidebar-1&#8243;][vc_column][vc_column_text disable_pattern=&#8221;false&#8221; align=&#8221;center&#8221; animation=&#8221;fade-in&#8221;]\n<h1>Bustransport<\/h1>\n<p class=\"western\"><span style=\"font-size: large;\"><span lang=\"de-DE\">Unsere Busse vermieten wir f\u00fcr Urlaubsreisen, Studienreisen, Gruppenreisen und Tagesausfl\u00fcge<\/span><\/span><\/p>\n[\/vc_column_text][mk_button dimension=&#8221;flat&#8221; size=&#8221;large&#8221; url=&#8221;\/vtour\/tour3.html&#8221; target=&#8221;_blank&#8221; align=&#8221;center&#8221; margin_top=&#8221;20&#8243; margin_right=&#8221;0&#8243; bg_color=&#8221;#bd2016&#8243; btn_hover_bg=&#8221;#bd2016&#8243; btn_hover_txt_color=&#8221;#ffffff&#8221;]360\u00b0 Besichtigung[\/mk_button][\/vc_column][\/mk_page_section][vc_row fullwidth=&#8221;true&#8221; el_class=&#8221;hp-two-column-box&#8221;][vc_column width=&#8221;1\/2&#8243; el_class=&#8221;hp-two-column-box-img&#8221;][mk_image src=&#8221;\/wp-content\/uploads\/2016\/01\/Autobus-Na\u0301hled-7393.jpg&#8221; image_size=&#8221;full&#8221;][\/vc_column][vc_column width=&#8221;1\/2&#8243; el_class=&#8221;hp-two-column-box-content&#8221;][mk_padding_divider size=&#8221;20&#8243;][vc_column_text animation=&#8221;fade-in&#8221;]Zur Miete bieten wir 4 Luxusbusse mit einer Kapazit\u00e4t von zwei Mal 60, 56 und 48 Personen mit rund um die Uhr Schaltzentrale an.<\/p>\n<p>Unsere Fahrzeuge f\u00fcr den Personentransport der Marke SCANIA verf\u00fcgen \u00fcber einen gro\u00dfen Gep\u00e4ckraum, Klimaanlage, Beinfreiheit, verstellbare in die Gasse verschiebbare Sitze, WC, Kaffeemaschine und TV Ger\u00e4t zum Abspielen von Filmen \u00fcber DVD und USB. Auf dem Gebiet der Tschechischen Republik garantieren wir f\u00fcr eine WLAN Verbindung.[\/vc_column_text][\/vc_column][\/vc_row][vc_row fullwidth=&#8221;true&#8221; visibility=&#8221;hidden-sm&#8221; el_class=&#8221;hp-two-column-box hp-two-column-box-inverse&#8221;][vc_column width=&#8221;1\/2&#8243; el_class=&#8221;hp-two-column-box-content&#8221;][mk_padding_divider size=&#8221;20&#8243;][vc_column_text animation=&#8221;fade-in&#8221;]Die Busse sind mit einem klugen Sicherheitssystem und Gurten f\u00fcr alle Passagiere, Stabilisierungsprogrammen und einem adaptiven Tempomat mit Notbremssystem ausgestattet. Mehr als 1\u00a0000 Servicewerkst\u00e4tten der Firma SCANIA in ganz Europa garantieren minimale Standzeiten bei Schadensf\u00e4llen.[\/vc_column_text][\/vc_column][vc_column width=&#8221;1\/2&#8243; el_class=&#8221;hp-two-column-box-img&#8221;][mk_image src=&#8221;\/wp-content\/uploads\/2016\/01\/Autobus-Na\u0301hled-7182.jpg&#8221; image_size=&#8221;full&#8221;][\/vc_column][\/vc_row][vc_row fullwidth=&#8221;true&#8221; el_class=&#8221;hp-two-column-box&#8221;][vc_column width=&#8221;1\/2&#8243; el_class=&#8221;hp-two-column-box-img&#8221;][mk_image src=&#8221;\/wp-content\/uploads\/2016\/01\/Autobus-Na\u0301hled-7158.jpg&#8221; image_size=&#8221;full&#8221;][\/vc_column][vc_column width=&#8221;1\/2&#8243; el_class=&#8221;hp-two-column-box-content&#8221;][mk_padding_divider size=&#8221;20&#8243;][vc_column_text animation=&#8221;fade-in&#8221;]Alle unsere Fahrer haben mindestens eine 15 j\u00e4hrige Praxis. Wir fahren zuverl\u00e4ssig f\u00fcr renommierte Reiseb\u00fcros, Betriebe, Schulen, Interessenssubjekte und auch Sportclubs. F\u00fcr l\u00e4ngere Strecken garantieren wir zwei Fahrer und im Fall freier Kapazit\u00e4ten stehen wir innerhalb von zwei Tagen zur Verf\u00fcgung.<\/p>\n<p>Unsere Busse sind mit Skiboxen ausgestattet, Anh\u00e4nger f\u00fcr Fahrr\u00e4der k\u00f6nnen geliehen werden. Unsere Fahrzeuge k\u00f6nnen wir \u00fcberall in der Tschechischen Republik bereitstellen. Wir erneuern unseren Busfuhrpark alle sechs Jahre.[\/vc_column_text][\/vc_column][\/vc_row][vc_row][vc_column][\/vc_column][\/vc_row]\n","protected":false},"excerpt":{"rendered":"<p>[mk_page_section bg_image=&#8221;\/wp-content\/uploads\/2016\/01\/Autobus-Na\u0301hled-7462-e1472117473549.jpg&#8221; bg_position=&#8221;center center&#8221; bg_stretch=&#8221;true&#8221; video_loop=&#8221;false&#8221; video_color_mask=&#8221;#0a0a0a&#8221; video_opacity=&#8221;0.4&#8243; min_height=&#8221;250&#8243; js_vertical_centered=&#8221;true&#8221; el_class=&#8221;hp-banner&#8221; sidebar=&#8221;sidebar-1&#8243;][vc_column][vc_column_text disable_pattern=&#8221;false&#8221; align=&#8221;center&#8221; animation=&#8221;fade-in&#8221;] Bustransport Unsere Busse vermieten wir f\u00fcr Urlaubsreisen, Studienreisen, Gruppenreisen und Tagesausfl\u00fcge [\/vc_column_text][mk_button dimension=&#8221;flat&#8221; size=&#8221;large&#8221; url=&#8221;\/vtour\/tour3.html&#8221; target=&#8221;_blank&#8221; align=&#8221;center&#8221; margin_top=&#8221;20&#8243; margin_right=&#8221;0&#8243; bg_color=&#8221;#bd2016&#8243; btn_hover_bg=&#8221;#bd2016&#8243; btn_hover_txt_color=&#8221;#ffffff&#8221;]360\u00b0 Besichtigung[\/mk_button][\/vc_column][\/mk_page_section][vc_row fullwidth=&#8221;true&#8221; el_class=&#8221;hp-two-column-box&#8221;][vc_column width=&#8221;1\/2&#8243; el_class=&#8221;hp-two-column-box-img&#8221;][mk_image src=&#8221;\/wp-content\/uploads\/2016\/01\/Autobus-Na\u0301hled-7393.jpg&#8221; image_size=&#8221;full&#8221;][\/vc_column][vc_column width=&#8221;1\/2&#8243; el_class=&#8221;hp-two-column-box-content&#8221;][mk_padding_divider size=&#8221;20&#8243;][vc_column_text animation=&#8221;fade-in&#8221;]Zur Miete bieten wir 4 Luxusbusse mit einer [&hellip;]<\/p>\n","protected":false},"author":3,"featured_media":0,"parent":0,"menu_order":0,"comment_status":"closed","ping_status":"closed","template":"","meta":{"_custom_body_class":"","_custom_post_class":""},"categories":[],"tags":[],"yoast_head":"<!-- This site is optimized with the Yoast SEO plugin v19.4 - https:\/\/yoast.com\/wordpress\/plugins\/seo\/ -->\n<title>Bustransport - SPETRA CZ s.r.o.<\/title>\n<meta name=\"robots\" content=\"index, follow, max-snippet:-1, max-image-preview:large, max-video-preview:-1\" \/>\n<link rel=\"canonical\" href=\"https:\/\/www.spetra.cz\/de\/bustransport\/\" \/>\n<meta property=\"og:locale\" content=\"de_DE\" \/>\n<meta property=\"og:type\" content=\"article\" \/>\n<meta property=\"og:title\" content=\"Bustransport - SPETRA CZ s.r.o.\" \/>\n<meta property=\"og:description\" content=\"[mk_page_section bg_image=&#8221;\/wp-content\/uploads\/2016\/01\/Autobus-Na\u0301hled-7462-e1472117473549.jpg&#8221; bg_position=&#8221;center center&#8221; bg_stretch=&#8221;true&#8221; video_loop=&#8221;false&#8221; video_color_mask=&#8221;#0a0a0a&#8221; video_opacity=&#8221;0.4&#8243; min_height=&#8221;250&#8243; js_vertical_centered=&#8221;true&#8221; el_class=&#8221;hp-banner&#8221; sidebar=&#8221;sidebar-1&#8243;][vc_column][vc_column_text disable_pattern=&#8221;false&#8221; align=&#8221;center&#8221; animation=&#8221;fade-in&#8221;] Bustransport Unsere Busse vermieten wir f\u00fcr Urlaubsreisen, Studienreisen, Gruppenreisen und Tagesausfl\u00fcge [\/vc_column_text][mk_button dimension=&#8221;flat&#8221; size=&#8221;large&#8221; url=&#8221;\/vtour\/tour3.html&#8221; target=&#8221;_blank&#8221; align=&#8221;center&#8221; margin_top=&#8221;20&#8243; margin_right=&#8221;0&#8243; bg_color=&#8221;#bd2016&#8243; btn_hover_bg=&#8221;#bd2016&#8243; btn_hover_txt_color=&#8221;#ffffff&#8221;]360\u00b0 Besichtigung[\/mk_button][\/vc_column][\/mk_page_section][vc_row fullwidth=&#8221;true&#8221; el_class=&#8221;hp-two-column-box&#8221;][vc_column width=&#8221;1\/2&#8243; el_class=&#8221;hp-two-column-box-img&#8221;][mk_image src=&#8221;\/wp-content\/uploads\/2016\/01\/Autobus-Na\u0301hled-7393.jpg&#8221; image_size=&#8221;full&#8221;][\/vc_column][vc_column width=&#8221;1\/2&#8243; el_class=&#8221;hp-two-column-box-content&#8221;][mk_padding_divider size=&#8221;20&#8243;][vc_column_text animation=&#8221;fade-in&#8221;]Zur Miete bieten wir 4 Luxusbusse mit einer [&hellip;]\" \/>\n<meta property=\"og:url\" content=\"https:\/\/www.spetra.cz\/de\/bustransport\/\" \/>\n<meta property=\"og:site_name\" content=\"SPETRA CZ s.r.o.\" \/>\n<meta property=\"article:publisher\" content=\"https:\/\/www.facebook.com\/spetracz\" \/>\n<meta property=\"article:modified_time\" content=\"2024-01-09T19:45:32+00:00\" \/>\n<meta name=\"twitter:card\" content=\"summary\" \/>\n<meta name=\"twitter:label1\" content=\"Est. reading time\" \/>\n\t<meta name=\"twitter:data1\" content=\"2 minutes\" \/>\n<script type=\"application\/ld+json\" class=\"yoast-schema-graph\">{\"@context\":\"https:\/\/schema.org\",\"@graph\":[{\"@type\":\"Organization\",\"@id\":\"https:\/\/www.spetra.cz\/#organization\",\"name\":\"SPETRA CZ s.r.o.\",\"url\":\"https:\/\/www.spetra.cz\/\",\"sameAs\":[\"https:\/\/www.linkedin.com\/company\/spetra-cz-s-r-o\",\"https:\/\/www.facebook.com\/spetracz\"],\"logo\":{\"@type\":\"ImageObject\",\"inLanguage\":\"de-DE\",\"@id\":\"https:\/\/www.spetra.cz\/#\/schema\/logo\/image\/\",\"url\":\"https:\/\/www.spetra.cz\/wp-content\/uploads\/2023\/08\/logo.png\",\"contentUrl\":\"https:\/\/www.spetra.cz\/wp-content\/uploads\/2023\/08\/logo.png\",\"width\":134,\"height\":48,\"caption\":\"SPETRA CZ s.r.o.\"},\"image\":{\"@id\":\"https:\/\/www.spetra.cz\/#\/schema\/logo\/image\/\"}},{\"@type\":\"WebSite\",\"@id\":\"https:\/\/www.spetra.cz\/#website\",\"url\":\"https:\/\/www.spetra.cz\/\",\"name\":\"SPETRA CZ s.r.o.\",\"description\":\"Mezin\u00e1rodn\u00ed doprava a spedice\",\"publisher\":{\"@id\":\"https:\/\/www.spetra.cz\/#organization\"},\"potentialAction\":[{\"@type\":\"SearchAction\",\"target\":{\"@type\":\"EntryPoint\",\"urlTemplate\":\"https:\/\/www.spetra.cz\/?s={search_term_string}\"},\"query-input\":\"required name=search_term_string\"}],\"inLanguage\":\"de-DE\"},{\"@type\":\"WebPage\",\"@id\":\"https:\/\/www.spetra.cz\/de\/bustransport\/\",\"url\":\"https:\/\/www.spetra.cz\/de\/bustransport\/\",\"name\":\"Bustransport - SPETRA CZ s.r.o.\",\"isPartOf\":{\"@id\":\"https:\/\/www.spetra.cz\/#website\"},\"datePublished\":\"2016-03-07T15:53:36+00:00\",\"dateModified\":\"2024-01-09T19:45:32+00:00\",\"breadcrumb\":{\"@id\":\"https:\/\/www.spetra.cz\/de\/bustransport\/#breadcrumb\"},\"inLanguage\":\"de-DE\",\"potentialAction\":[{\"@type\":\"ReadAction\",\"target\":[\"https:\/\/www.spetra.cz\/de\/bustransport\/\"]}]},{\"@type\":\"BreadcrumbList\",\"@id\":\"https:\/\/www.spetra.cz\/de\/bustransport\/#breadcrumb\",\"itemListElement\":[{\"@type\":\"ListItem\",\"position\":1,\"name\":\"Dom\u016f\",\"item\":\"https:\/\/www.spetra.cz\/de\/\"},{\"@type\":\"ListItem\",\"position\":2,\"name\":\"Bustransport\"}]}]}<\/script>\n<!-- \/ Yoast SEO plugin. -->","yoast_head_json":{"title":"Bustransport - SPETRA CZ s.r.o.","robots":{"index":"index","follow":"follow","max-snippet":"max-snippet:-1","max-image-preview":"max-image-preview:large","max-video-preview":"max-video-preview:-1"},"canonical":"https:\/\/www.spetra.cz\/de\/bustransport\/","og_locale":"de_DE","og_type":"article","og_title":"Bustransport - SPETRA CZ s.r.o.","og_description":"[mk_page_section bg_image=&#8221;\/wp-content\/uploads\/2016\/01\/Autobus-Na\u0301hled-7462-e1472117473549.jpg&#8221; bg_position=&#8221;center center&#8221; bg_stretch=&#8221;true&#8221; video_loop=&#8221;false&#8221; video_color_mask=&#8221;#0a0a0a&#8221; video_opacity=&#8221;0.4&#8243; min_height=&#8221;250&#8243; js_vertical_centered=&#8221;true&#8221; el_class=&#8221;hp-banner&#8221; sidebar=&#8221;sidebar-1&#8243;][vc_column][vc_column_text disable_pattern=&#8221;false&#8221; align=&#8221;center&#8221; animation=&#8221;fade-in&#8221;] Bustransport Unsere Busse vermieten wir f\u00fcr Urlaubsreisen, Studienreisen, Gruppenreisen und Tagesausfl\u00fcge [\/vc_column_text][mk_button dimension=&#8221;flat&#8221; size=&#8221;large&#8221; url=&#8221;\/vtour\/tour3.html&#8221; target=&#8221;_blank&#8221; align=&#8221;center&#8221; margin_top=&#8221;20&#8243; margin_right=&#8221;0&#8243; bg_color=&#8221;#bd2016&#8243; btn_hover_bg=&#8221;#bd2016&#8243; btn_hover_txt_color=&#8221;#ffffff&#8221;]360\u00b0 Besichtigung[\/mk_button][\/vc_column][\/mk_page_section][vc_row fullwidth=&#8221;true&#8221; el_class=&#8221;hp-two-column-box&#8221;][vc_column width=&#8221;1\/2&#8243; el_class=&#8221;hp-two-column-box-img&#8221;][mk_image src=&#8221;\/wp-content\/uploads\/2016\/01\/Autobus-Na\u0301hled-7393.jpg&#8221; image_size=&#8221;full&#8221;][\/vc_column][vc_column width=&#8221;1\/2&#8243; el_class=&#8221;hp-two-column-box-content&#8221;][mk_padding_divider size=&#8221;20&#8243;][vc_column_text animation=&#8221;fade-in&#8221;]Zur Miete bieten wir 4 Luxusbusse mit einer [&hellip;]","og_url":"https:\/\/www.spetra.cz\/de\/bustransport\/","og_site_name":"SPETRA CZ s.r.o.","article_publisher":"https:\/\/www.facebook.com\/spetracz","article_modified_time":"2024-01-09T19:45:32+00:00","twitter_card":"summary","twitter_misc":{"Est. reading time":"2 minutes"},"schema":{"@context":"https:\/\/schema.org","@graph":[{"@type":"Organization","@id":"https:\/\/www.spetra.cz\/#organization","name":"SPETRA CZ s.r.o.","url":"https:\/\/www.spetra.cz\/","sameAs":["https:\/\/www.linkedin.com\/company\/spetra-cz-s-r-o","https:\/\/www.facebook.com\/spetracz"],"logo":{"@type":"ImageObject","inLanguage":"de-DE","@id":"https:\/\/www.spetra.cz\/#\/schema\/logo\/image\/","url":"https:\/\/www.spetra.cz\/wp-content\/uploads\/2023\/08\/logo.png","contentUrl":"https:\/\/www.spetra.cz\/wp-content\/uploads\/2023\/08\/logo.png","width":134,"height":48,"caption":"SPETRA CZ s.r.o."},"image":{"@id":"https:\/\/www.spetra.cz\/#\/schema\/logo\/image\/"}},{"@type":"WebSite","@id":"https:\/\/www.spetra.cz\/#website","url":"https:\/\/www.spetra.cz\/","name":"SPETRA CZ s.r.o.","description":"Mezin\u00e1rodn\u00ed doprava a spedice","publisher":{"@id":"https:\/\/www.spetra.cz\/#organization"},"potentialAction":[{"@type":"SearchAction","target":{"@type":"EntryPoint","urlTemplate":"https:\/\/www.spetra.cz\/?s={search_term_string}"},"query-input":"required name=search_term_string"}],"inLanguage":"de-DE"},{"@type":"WebPage","@id":"https:\/\/www.spetra.cz\/de\/bustransport\/","url":"https:\/\/www.spetra.cz\/de\/bustransport\/","name":"Bustransport - SPETRA CZ s.r.o.","isPartOf":{"@id":"https:\/\/www.spetra.cz\/#website"},"datePublished":"2016-03-07T15:53:36+00:00","dateModified":"2024-01-09T19:45:32+00:00","breadcrumb":{"@id":"https:\/\/www.spetra.cz\/de\/bustransport\/#breadcrumb"},"inLanguage":"de-DE","potentialAction":[{"@type":"ReadAction","target":["https:\/\/www.spetra.cz\/de\/bustransport\/"]}]},{"@type":"BreadcrumbList","@id":"https:\/\/www.spetra.cz\/de\/bustransport\/#breadcrumb","itemListElement":[{"@type":"ListItem","position":1,"name":"Dom\u016f","item":"https:\/\/www.spetra.cz\/de\/"},{"@type":"ListItem","position":2,"name":"Bustransport"}]}]}},"_links":{"self":[{"href":"https:\/\/www.spetra.cz\/de\/wp-json\/wp\/v2\/pages\/1004"}],"collection":[{"href":"https:\/\/www.spetra.cz\/de\/wp-json\/wp\/v2\/pages"}],"about":[{"href":"https:\/\/www.spetra.cz\/de\/wp-json\/wp\/v2\/types\/page"}],"author":[{"embeddable":true,"href":"https:\/\/www.spetra.cz\/de\/wp-json\/wp\/v2\/users\/3"}],"replies":[{"embeddable":true,"href":"https:\/\/www.spetra.cz\/de\/wp-json\/wp\/v2\/comments?post=1004"}],"version-history":[{"count":7,"href":"https:\/\/www.spetra.cz\/de\/wp-json\/wp\/v2\/pages\/1004\/revisions"}],"predecessor-version":[{"id":1275,"href":"https:\/\/www.spetra.cz\/de\/wp-json\/wp\/v2\/pages\/1004\/revisions\/1275"}],"wp:attachment":[{"href":"https:\/\/www.spetra.cz\/de\/wp-json\/wp\/v2\/media?parent=1004"}],"wp:term":[{"taxonomy":"category","embeddable":true,"href":"https:\/\/www.spetra.cz\/de\/wp-json\/wp\/v2\/categories?post=1004"},{"taxonomy":"post_tag","embeddable":true,"href":"https:\/\/www.spetra.cz\/de\/wp-json\/wp\/v2\/tags?post=1004"}],"curies":[{"name":"wp","href":"https:\/\/api.w.org\/{rel}","templated":true}]}}